{"id":10274,"date":"2024-05-07T14:43:47","date_gmt":"2024-05-07T13:43:47","guid":{"rendered":"http:\/\/cceroset.fr\/?page_id=10274"},"modified":"2026-02-13T11:18:23","modified_gmt":"2026-02-13T10:18:23","slug":"hygienes-discount","status":"publish","type":"page","link":"https:\/\/cceroset.fr\/?page_id=10274","title":{"rendered":"Hygi\u00e8nes Discount"},"content":{"rendered":"\n<p><\/p>\n\n\n\n<h1 class=\"wp-block-heading\">Commande group\u00e9e produits d&rsquo;entretient<\/h1>\n\n\n\n<p class=\"has-text-color\" style=\"color:#ff0004;font-size:31px\"><em><strong>Prochaine commande <\/strong><\/em>: 24 Avril 2026<\/p>\n\n\n\n<figure class=\"wp-block-gallery has-nested-images columns-default wp-block-gallery-1 is-layout-flex wp-block-gallery-is-layout-flex\">\n<figure class=\"wp-block-image size-full\"><img loading=\"lazy\" decoding=\"async\" width=\"594\" height=\"837\" data-id=\"13991\" src=\"https:\/\/cceroset.fr\/wp-content\/uploads\/2026\/02\/Capture-decran-2026-02-13-111631.png\" alt=\"\" class=\"wp-image-13991\" srcset=\"https:\/\/cceroset.fr\/wp-content\/uploads\/2026\/02\/Capture-decran-2026-02-13-111631.png 594w, https:\/\/cceroset.fr\/wp-content\/uploads\/2026\/02\/Capture-decran-2026-02-13-111631-213x300.png 213w, https:\/\/cceroset.fr\/wp-content\/uploads\/2026\/02\/Capture-decran-2026-02-13-111631-545x768.png 545w\" sizes=\"auto, (max-width: 594px) 100vw, 594px\" \/><\/figure>\n<\/figure>\n\n\n\n<h3 class=\"wp-block-heading\"><em><strong><span style=\"color:#ff0004\" class=\"has-inline-color\">Si vous \u00eates int\u00e9ress\u00e9s, vous pouvez venir retirer<\/span><\/strong><\/em><\/h3>\n\n\n\n<h3 class=\"wp-block-heading has-text-color\" style=\"color:#ff0004\"><em><strong>un bon de commande (liste des produits + tarifs 2026)<\/strong><\/em><\/h3>\n\n\n\n<h3 class=\"wp-block-heading has-text-color\" style=\"color:#ff0004\"><em><strong>au comit\u00e9 d\u2019\u00e9tablissement de Briord<\/strong><\/em><\/h3>\n\n\n\n<h3 class=\"wp-block-heading has-text-color\" style=\"color:#ff0004\"><em>Ou possibilit\u00e9 de le t\u00e9l\u00e9charger ci-dessous<\/em><\/h3>\n\n\n\n<ul class=\"wp-block-list\">\n<li><a href=\"http:\/\/cceroset.fr\/wp-content\/uploads\/2026\/02\/bon-de-commande-janvier206.png\">Bon de Commande<\/a><\/li>\n<\/ul>\n\n\n\n<p><\/p>\n","protected":false},"excerpt":{"rendered":"<p>Commande group\u00e9e produits d&rsquo;entretient Prochaine commande : 24 Avril 2026 Si vous \u00eates int\u00e9ress\u00e9s, vous pouvez venir retirer un bon de commande (liste des produits + tarifs 2026) au comit\u00e9 d\u2019\u00e9tablissement de Briord Ou possibilit\u00e9 de le t\u00e9l\u00e9charger ci-dessous<\/p>\n","protected":false},"author":1,"featured_media":0,"parent":0,"menu_order":0,"comment_status":"closed","ping_status":"closed","template":"","meta":{"footnotes":""},"class_list":["post-10274","page","type-page","status-publish","hentry"],"_links":{"self":[{"href":"https:\/\/cceroset.fr\/index.php?rest_route=\/wp\/v2\/pages\/10274","targetHints":{"allow":["GET"]}}],"collection":[{"href":"https:\/\/cceroset.fr\/index.php?rest_route=\/wp\/v2\/pages"}],"about":[{"href":"https:\/\/cceroset.fr\/index.php?rest_route=\/wp\/v2\/types\/page"}],"author":[{"embeddable":true,"href":"https:\/\/cceroset.fr\/index.php?rest_route=\/wp\/v2\/users\/1"}],"replies":[{"embeddable":true,"href":"https:\/\/cceroset.fr\/index.php?rest_route=%2Fwp%2Fv2%2Fcomments&post=10274"}],"version-history":[{"count":28,"href":"https:\/\/cceroset.fr\/index.php?rest_route=\/wp\/v2\/pages\/10274\/revisions"}],"predecessor-version":[{"id":13992,"href":"https:\/\/cceroset.fr\/index.php?rest_route=\/wp\/v2\/pages\/10274\/revisions\/13992"}],"wp:attachment":[{"href":"https:\/\/cceroset.fr\/index.php?rest_route=%2Fwp%2Fv2%2Fmedia&parent=10274"}],"curies":[{"name":"wp","href":"https:\/\/api.w.org\/{rel}","templated":true}]}}