{"id":10379,"date":"2024-06-12T08:57:21","date_gmt":"2024-06-12T07:57:21","guid":{"rendered":"http:\/\/cceroset.fr\/?page_id=10379"},"modified":"2024-06-14T07:21:48","modified_gmt":"2024-06-14T06:21:48","slug":"c-s-e-bourgoin","status":"publish","type":"page","link":"https:\/\/cceroset.fr\/?page_id=10379","title":{"rendered":"C.S.E Bourgoin"},"content":{"rendered":"\n<p class=\"has-blue-color has-text-color\"><\/p>\n\n\n\n<ul class=\"wp-block-list\"><li><a href=\"https:\/\/cceroset.fr\/?page_id=10393\">Hygi\u00e8nes discount<\/a><\/li><li><a href=\"http:\/\/cceroset.fr\/?page_id=10386\">dosette de caf\u00e9<\/a><\/li><li><a href=\"http:\/\/cceroset.fr\/?page_id=10396\">G\u00e2teau Bijou<\/a><\/li><li><a href=\"http:\/\/cceroset.fr\/?page_id=594\">Vente de sirops<\/a><\/li><li><a href=\"http:\/\/cceroset.fr\/?page_id=176\">Vente de Parfums<\/a><\/li><\/ul>\n\n\n\n<p><\/p>\n","protected":false},"excerpt":{"rendered":"<p>Hygi\u00e8nes discount dosette de caf\u00e9 G\u00e2teau Bijou Vente de sirops Vente de Parfums<\/p>\n","protected":false},"author":1,"featured_media":0,"parent":0,"menu_order":0,"comment_status":"closed","ping_status":"closed","template":"","meta":{"footnotes":""},"class_list":["post-10379","page","type-page","status-publish","hentry"],"_links":{"self":[{"href":"https:\/\/cceroset.fr\/index.php?rest_route=\/wp\/v2\/pages\/10379","targetHints":{"allow":["GET"]}}],"collection":[{"href":"https:\/\/cceroset.fr\/index.php?rest_route=\/wp\/v2\/pages"}],"about":[{"href":"https:\/\/cceroset.fr\/index.php?rest_route=\/wp\/v2\/types\/page"}],"author":[{"embeddable":true,"href":"https:\/\/cceroset.fr\/index.php?rest_route=\/wp\/v2\/users\/1"}],"replies":[{"embeddable":true,"href":"https:\/\/cceroset.fr\/index.php?rest_route=%2Fwp%2Fv2%2Fcomments&post=10379"}],"version-history":[{"count":11,"href":"https:\/\/cceroset.fr\/index.php?rest_route=\/wp\/v2\/pages\/10379\/revisions"}],"predecessor-version":[{"id":10408,"href":"https:\/\/cceroset.fr\/index.php?rest_route=\/wp\/v2\/pages\/10379\/revisions\/10408"}],"wp:attachment":[{"href":"https:\/\/cceroset.fr\/index.php?rest_route=%2Fwp%2Fv2%2Fmedia&parent=10379"}],"curies":[{"name":"wp","href":"https:\/\/api.w.org\/{rel}","templated":true}]}}