{"id":1184,"date":"2017-12-01T10:27:17","date_gmt":"2017-12-01T09:27:17","guid":{"rendered":"http:\/\/cceroset.fr\/?page_id=1184"},"modified":"2025-11-26T04:24:59","modified_gmt":"2025-11-26T03:24:59","slug":"les-2-alpes","status":"publish","type":"page","link":"https:\/\/cceroset.fr\/?page_id=1184","title":{"rendered":"Les 2 Alpes"},"content":{"rendered":"<p><a href=\"http:\/\/cceroset.fr\/wp-content\/uploads\/2025\/11\/Inventaire-Les-2-Alpes-17112025.pdf\">Inventaire Les 2 Alpes<\/a><\/p>\n<p><a href=\"http:\/\/cceroset.fr\/wp-content\/uploads\/2024\/09\/Infos-Les-Deux-Alpes.pdf\">Infos Les Deux Alpes<\/a><\/p>\n<p><a href=\"http:\/\/cceroset.fr\/?page_id=1198\">Photos appartement<\/a><\/p>\n<p><a href=\"http:\/\/cceroset.fr\/?page_id=1229\">Votre s\u00e9jour aux Deux Alpes<\/a><\/p>\n<p><a href=\"http:\/\/cceroset.fr\/?page_id=1203\">Adresse<\/a><\/p>\n<p><a href=\"http:\/\/www.les2alpes.com\/fr\/prestations-diverses\/prestataire\/A%7COT2A-office-de-tourisme-des-2-alpes.html\">Office de tourisme des Deux Alpes<\/a><\/p>\n<h2><em><strong><span style=\"color: #ff0000;\">Merci de bien rentrer la table et les deux chaises pliantes \u00e0 l&rsquo;int\u00e9rieur avant votre d\u00e9part\u00a0<\/span><\/strong><\/em><\/h2>\n<p><a href=\"http:\/\/cceroset.fr\/wp-content\/uploads\/2018\/01\/Les-Balcons-du-Soleil-7-e1515947445165.jpg\"><img loading=\"lazy\" decoding=\"async\" class=\"alignnone size-full wp-image-1399\" src=\"http:\/\/cceroset.fr\/wp-content\/uploads\/2018\/01\/Les-Balcons-du-Soleil-7-e1515947445165.jpg\" alt=\"\" width=\"480\" height=\"640\" srcset=\"https:\/\/cceroset.fr\/wp-content\/uploads\/2018\/01\/Les-Balcons-du-Soleil-7-e1515947445165.jpg 480w, https:\/\/cceroset.fr\/wp-content\/uploads\/2018\/01\/Les-Balcons-du-Soleil-7-e1515947445165-225x300.jpg 225w\" sizes=\"auto, (max-width: 480px) 100vw, 480px\" \/><\/a><\/p>\n","protected":false},"excerpt":{"rendered":"<p>Inventaire Les 2 Alpes Infos Les Deux Alpes Photos appartement Votre s\u00e9jour aux Deux Alpes Adresse Office de tourisme des Deux Alpes Merci de bien rentrer la table et les deux chaises pliantes \u00e0 l&rsquo;int\u00e9rieur avant votre d\u00e9part\u00a0<\/p>\n","protected":false},"author":1,"featured_media":0,"parent":0,"menu_order":0,"comment_status":"closed","ping_status":"closed","template":"","meta":{"footnotes":""},"class_list":["post-1184","page","type-page","status-publish","hentry"],"_links":{"self":[{"href":"https:\/\/cceroset.fr\/index.php?rest_route=\/wp\/v2\/pages\/1184","targetHints":{"allow":["GET"]}}],"collection":[{"href":"https:\/\/cceroset.fr\/index.php?rest_route=\/wp\/v2\/pages"}],"about":[{"href":"https:\/\/cceroset.fr\/index.php?rest_route=\/wp\/v2\/types\/page"}],"author":[{"embeddable":true,"href":"https:\/\/cceroset.fr\/index.php?rest_route=\/wp\/v2\/users\/1"}],"replies":[{"embeddable":true,"href":"https:\/\/cceroset.fr\/index.php?rest_route=%2Fwp%2Fv2%2Fcomments&post=1184"}],"version-history":[{"count":53,"href":"https:\/\/cceroset.fr\/index.php?rest_route=\/wp\/v2\/pages\/1184\/revisions"}],"predecessor-version":[{"id":13503,"href":"https:\/\/cceroset.fr\/index.php?rest_route=\/wp\/v2\/pages\/1184\/revisions\/13503"}],"wp:attachment":[{"href":"https:\/\/cceroset.fr\/index.php?rest_route=%2Fwp%2Fv2%2Fmedia&parent=1184"}],"curies":[{"name":"wp","href":"https:\/\/api.w.org\/{rel}","templated":true}]}}