{"id":1229,"date":"2017-12-06T13:18:43","date_gmt":"2017-12-06T12:18:43","guid":{"rendered":"http:\/\/cceroset.fr\/?page_id=1229"},"modified":"2018-02-13T19:03:38","modified_gmt":"2018-02-13T18:03:38","slug":"votre-sejour-aux-deux-alpes","status":"publish","type":"page","link":"https:\/\/cceroset.fr\/?page_id=1229","title":{"rendered":"Votre s\u00e9jour aux Deux Alpes"},"content":{"rendered":"<h4><span style=\"color: #000000;\"><em>Les Deux Alpes :<\/em><\/span><\/h4>\n<h4><span style=\"color: #000000;\"><em>Envie de partir aux sports d&rsquo;hiver et d&rsquo;\u00e9t\u00e9<\/em><\/span><\/h4>\n<h4><span style=\"color: #000000;\"><em> direction l&rsquo;une des plus grandes stations internationales de ski :<\/em><\/span><\/h4>\n<h4><span style=\"color: #000000;\"><em>La station des Deux Alpes situ\u00e9e entre les Alpes du Nord et les Alpes du Sud en Is\u00e8re !<\/em><\/span><\/h4>\n<h4><span style=\"color: #000000;\"><em>Dynamique, sportive et branch\u00e9e, la station est pris\u00e9e des vacanciers<\/em><\/span><\/h4>\n<h4><span style=\"color: #000000;\"><em> pour son accueil irr\u00e9prochable et son domaine skiable,<\/em><\/span><\/h4>\n<h4><span style=\"color: #000000;\"><em>v\u00e9ritable paradis des passionn\u00e9s de glisse.<\/em><\/span><\/h4>\n<h4><span style=\"color: #000000;\"><em>Avec une neige naturelle garantie toute la saison gr\u00e2ce <\/em><\/span><\/h4>\n<h4><span style=\"color: #000000;\"><em>\u00e0 son glacier culminant \u00e0 3600 m d&rsquo;altitude, <\/em><\/span><\/h4>\n<h4><span style=\"color: #000000;\"><em>de nombreuses pistes de ski alpin et un Freestyle-Land vous attentent.<\/em><\/span><\/h4>\n<h4><span style=\"color: #000000;\"><em>Les deux\u00a0 Alpes est une station id\u00e9ale pour profiter des sports d&rsquo;hiver et<\/em><\/span><\/h4>\n<h4><span style=\"color: #000000;\"><em> d&rsquo;\u00e9t\u00e9 en famille gr\u00e2ce aux nombreuses activit\u00e9 et animations<\/em><\/span><\/h4>\n<h4><span style=\"color: #000000;\"><em> adapt\u00e9es aux enfants et ados \u00e9nergiques.<\/em><\/span><\/h4>\n<h4><span style=\"color: #000000;\"><em>Skieurs, Snow-boarders, Riders,\u00a0 Randonneurs, <\/em><\/span><\/h4>\n<h4><span style=\"color: #000000;\"><em>F\u00e9rus de VTT et cyclistes ne seront pas en reste <\/em><\/span><\/h4>\n<h4><span style=\"color: #000000;\"><em>avec 200 Km de sentiers balis\u00e9s <\/em><\/span><\/h4>\n<h4><span style=\"color: #000000;\"><em>sur les pistes de ski reconverties en terrain de<\/em><\/span><\/h4>\n<h4><span style=\"color: #000000;\"><em>jeu pour les amateurs de marche en montagne.<\/em><\/span><\/h4>\n<h4><span style=\"color: #000000;\"><em>Les Deux Alpes n&rsquo;attendent plus que vous pour un d\u00e9paysement total : <\/em><\/span><\/h4>\n<h4><span style=\"color: #000000;\"><em>L&rsquo;air frais des montagnes, le panorama somptueux <\/em><\/span><\/h4>\n<h4><span style=\"color: #000000;\"><em>des sommets enneig\u00e9s en somme des vacances<\/em><\/span><\/h4>\n<h4><span style=\"color: #000000;\"><em>inoubliables aux sports d&rsquo;hiver est d&rsquo;\u00e9t\u00e9.<\/em><\/span><\/h4>\n<h4><span style=\"color: #000000;\"><em>Le tout dans une ambiance festive au coeur de grands \u00e9v\u00e8nements internationaux, <\/em><\/span><\/h4>\n<h4><span style=\"color: #000000;\"><em>bar, shopping et commerces en tout genre, car c&rsquo;est aussi \u00e7a Les Deux Alpes.<\/em><\/span><\/h4>\n<h4><span style=\"color: #000000;\"><em>DOMAINE : Altitude 1650 m \u00e0 3600 m<\/em><\/span><\/h4>\n<h4><span style=\"color: #000000;\"><em>225 km de pistes balis\u00e9es,<\/em><\/span><\/h4>\n<h4><span style=\"color: #000000;\"><em>96 pistes, (12 noires, 22 rouges, 46 bleues, 16 vertes dont 5 gratuite.) 47 remont\u00e9es m\u00e9caniques.<\/em><\/span><\/h4>\n<h4><span style=\"color: #000000;\"><em>Station \u00e9quip\u00e9e de canons \u00e0 neige (225) soit 23 pistes \u00e9quip\u00e9es de neige de culture.<\/em><\/span><\/h4>\n<h4><span style=\"color: #000000;\"><em>Possibilit\u00e9 de ski de fond, piste de la moli\u00e8re, le petit Alpe, <\/em><\/span><\/h4>\n<h4><span style=\"color: #000000;\"><em>1 piste au village de Venosc accessible depuis la station (emprunter le t\u00e9l\u00e9cabine, trajet payant)<\/em><\/span><\/h4>\n<h4><span style=\"color: #000000;\"><em>L&rsquo;\u00e9t\u00e9 c&rsquo;est aussi une certitude d&rsquo;un d\u00e9paysement total au grand air,<\/em><\/span><\/h4>\n<h4><span style=\"color: #000000;\"><em> au coeur du panorama somptueux des vall\u00e9es verdoyantes, <\/em><\/span><\/h4>\n<h4><span style=\"color: #000000;\"><em>la d\u00e9couverte des lacs et des for\u00eats sous le soleil.<\/em><\/span><\/h4>\n<ul>\n<li>\n<h4><span style=\"color: #000000;\"><em>Randonn\u00e9e, VTT, v\u00e9lo, \u00e9quitation<\/em><\/span><\/h4>\n<\/li>\n<li>\n<h4><span style=\"color: #000000;\"><em>Ski d&rsquo;\u00e9t\u00e9 sur glacier<\/em><\/span><\/h4>\n<\/li>\n<li>\n<h4><span style=\"color: #000000;\"><em>canyoning, rafting, escalade<\/em><\/span><\/h4>\n<\/li>\n<li>\n<h4><span style=\"color: #000000;\"><em>P\u00eache, tir \u00e0 larc<\/em><\/span><\/h4>\n<\/li>\n<li>\n<h4><span style=\"color: #000000;\"><em>Piscine couverte, Beach soccer, Beach volley, patinoire<\/em><\/span><\/h4>\n<\/li>\n<li>\n<h4><span style=\"color: #000000;\"><em>Salle de squash, appareils de musculation<\/em><\/span><\/h4>\n<\/li>\n<li>\n<h4><span style=\"color: #000000;\"><em>Parcours aventure, trampoline, luge d&rsquo;\u00e9t\u00e9, Devalkart, Skate-park<\/em><\/span><\/h4>\n<\/li>\n<li>\n<h4><span style=\"color: #000000;\"><em>Parapente<\/em><\/span><\/h4>\n<\/li>\n<li>\n<h4><span style=\"color: #000000;\"><em>Bowling, cin\u00e9ma, salles de jeu, Discoth\u00e8ques<\/em><\/span><\/h4>\n<\/li>\n<li>\n<h4><span style=\"color: #000000;\"><em>Golf, tennis, mini-golf.<\/em><\/span><\/h4>\n<\/li>\n<\/ul>\n<h4><\/h4>\n","protected":false},"excerpt":{"rendered":"<p>Les Deux Alpes : Envie de partir aux sports d&rsquo;hiver et d&rsquo;\u00e9t\u00e9 direction l&rsquo;une des plus grandes stations internationales de ski : La station des Deux Alpes situ\u00e9e entre les Alpes du Nord et les Alpes du Sud en Is\u00e8re <a class=\"more-link\" href=\"https:\/\/cceroset.fr\/?page_id=1229\">Lire plus &#8230;<\/a><\/p>\n","protected":false},"author":1,"featured_media":0,"parent":0,"menu_order":0,"comment_status":"closed","ping_status":"closed","template":"","meta":{"footnotes":""},"class_list":["post-1229","page","type-page","status-publish","hentry"],"_links":{"self":[{"href":"https:\/\/cceroset.fr\/index.php?rest_route=\/wp\/v2\/pages\/1229","targetHints":{"allow":["GET"]}}],"collection":[{"href":"https:\/\/cceroset.fr\/index.php?rest_route=\/wp\/v2\/pages"}],"about":[{"href":"https:\/\/cceroset.fr\/index.php?rest_route=\/wp\/v2\/types\/page"}],"author":[{"embeddable":true,"href":"https:\/\/cceroset.fr\/index.php?rest_route=\/wp\/v2\/users\/1"}],"replies":[{"embeddable":true,"href":"https:\/\/cceroset.fr\/index.php?rest_route=%2Fwp%2Fv2%2Fcomments&post=1229"}],"version-history":[{"count":12,"href":"https:\/\/cceroset.fr\/index.php?rest_route=\/wp\/v2\/pages\/1229\/revisions"}],"predecessor-version":[{"id":1465,"href":"https:\/\/cceroset.fr\/index.php?rest_route=\/wp\/v2\/pages\/1229\/revisions\/1465"}],"wp:attachment":[{"href":"https:\/\/cceroset.fr\/index.php?rest_route=%2Fwp%2Fv2%2Fmedia&parent=1229"}],"curies":[{"name":"wp","href":"https:\/\/api.w.org\/{rel}","templated":true}]}}