{"id":14258,"date":"2026-04-09T14:52:06","date_gmt":"2026-04-09T13:52:06","guid":{"rendered":"https:\/\/cceroset.fr\/?page_id=14258"},"modified":"2026-04-09T14:52:06","modified_gmt":"2026-04-09T13:52:06","slug":"sortie-cse-2026-canal-de-saviere","status":"publish","type":"page","link":"https:\/\/cceroset.fr\/?page_id=14258","title":{"rendered":"Sortie cse 2026 Canal De Savi\u00e8re"},"content":{"rendered":"\n<p><\/p>\n\n\n\n<figure class=\"wp-block-image size-full\"><img loading=\"lazy\" decoding=\"async\" width=\"900\" height=\"530\" src=\"https:\/\/cceroset.fr\/wp-content\/uploads\/2026\/04\/image-2.png\" alt=\"\" class=\"wp-image-14260\" srcset=\"https:\/\/cceroset.fr\/wp-content\/uploads\/2026\/04\/image-2.png 900w, https:\/\/cceroset.fr\/wp-content\/uploads\/2026\/04\/image-2-300x177.png 300w, https:\/\/cceroset.fr\/wp-content\/uploads\/2026\/04\/image-2-768x452.png 768w\" sizes=\"auto, (max-width: 900px) 100vw, 900px\" \/><\/figure>\n\n\n\n<p>Le CSE a le plaisir de vous proposer une sortie conviviale afin de partager un moment agr\u00e9able en dehors du cadre professionnel.<\/p>\n\n\n\n<p class=\"has-normal-font-size\"><strong>Sortie propos\u00e9e\u00a0: CANAL DE SAVIERE <\/strong><strong><u>le SAMEDI 04 JUILLET 2026<\/u><\/strong><\/p>\n\n\n\n<p><strong><u>D\u00e9roulement pr\u00e9vu de la journ\u00e9e&nbsp;:<\/u><\/strong><\/p>\n\n\n\n<p>D\u00e9part des participants du parking de l\u2019usine \u00e0 BRIORD<strong> \u00e0 09h00.<\/strong><\/p>\n\n\n\n<ul class=\"wp-block-list\">\n<li><strong><u>Programme de la journ\u00e9e\u00a0:<\/u><\/strong><\/li>\n<\/ul>\n\n\n\n<ul class=\"wp-block-list\">\n<li><strong>Visite guid\u00e9e de la cuivrerie du Bugey <\/strong><strong>\u00e8<\/strong><strong> <\/strong>De p\u00e8re en fils, la maison Villamor a s\u00e9lectionn\u00e9 pour vous dans sa boutique une remarquable collection d&rsquo;objets d&rsquo;art en cuivre de dinanderie, laiton, fer ou \u00e9tain : objets d\u00e9coratifs, bijoux, lampes traditionnelles \u00e0 p\u00e9trole&#8230; D\u00e9couverte de la fabrique avec d\u00e9monstration de l&rsquo;artiste. Puis route pour <strong>Chanaz.<\/strong><\/li>\n<\/ul>\n\n\n\n<ul class=\"wp-block-list\">\n<li><strong>D\u00e9gustation de vins de Savoie au caveau du restaurant.<\/strong><\/li>\n<\/ul>\n\n\n\n<ul class=\"wp-block-list\">\n<li><strong>D\u00e9jeuner au restaurant<\/strong>\u00a0: MENU\u00a0: Kir \u2013 petite friture \u00e0 volont\u00e9 \u2013 poulet aux \u00e9crevisses Riz pilaf \u2013 For\u00eat noire \u2013 \u00bc de vin et caf\u00e9 (menu susceptible de changer\u2026)<\/li>\n<\/ul>\n\n\n\n<ul class=\"wp-block-list\">\n<li>Temps libre dans le village de Chanaz pour une d\u00e9couverte personnelle<\/li>\n<\/ul>\n\n\n\n<ul class=\"wp-block-list\">\n<li>Puis embarquement pour une <strong>croisi\u00e8re sur le Canal de Savi\u00e8re <\/strong>(dur\u00e9e 1H15) : navigation comment\u00e9e par le capitaine. Gr\u00e2ce \u00e0 sa propulsion \u00e9lectrique, il vous laissera d\u00e9couvrir la nature tout autrement. A bord, nous vous raconterons l&rsquo;histoire des bateaux d&rsquo;autrefois, vous pourrez admirer la faune vari\u00e9e de notre r\u00e9gion : le castor, une multitude d&rsquo;oiseaux, les perches arc-en-ciel etc\u2026 \u00a0<\/li>\n<\/ul>\n\n\n\n<p>En fin d\u2019apr\u00e8s-midi, d\u00e9part pour un retour avec arriv\u00e9e Briord vers 18h00.<\/p>\n\n\n\n<ul class=\"wp-block-list\">\n<li><strong><u>TARIFS\u00a0:<\/u><\/strong><\/li>\n<\/ul>\n\n\n\n<p>&nbsp;&nbsp;&nbsp;&nbsp;&nbsp;&nbsp;&nbsp;&nbsp; <strong>Salari\u00e9 \/ enfant&nbsp;: 30 \u20ac<\/strong><\/p>\n\n\n\n<p><strong>&nbsp;&nbsp;&nbsp;&nbsp;&nbsp;&nbsp;&nbsp;&nbsp;Conjoint&nbsp;: 40 \u20ac<\/strong><\/p>\n\n\n\n<p class=\"has-normal-font-size\"><img loading=\"lazy\" decoding=\"async\" width=\"39\" height=\"39\" src=\"blob:https:\/\/cceroset.fr\/67c28526-b437-4979-b567-d2e9b2c05482\" alt=\"Avertissement avec un remplissage uni\">Attention&nbsp;: votre r\u00e9ponse <strong><u>vaut engagement de participation<\/u><\/strong>, une caution non encaiss\u00e9e de 40 \u20ac vous sera demand\u00e9e lors de votre inscription et vous sera restitu\u00e9e apr\u00e8s la sortie.<\/p>\n\n\n\n<p class=\"has-normal-font-size\">Les inscriptions sont ouvertes jusqu\u2019au <strong><u>30 AVRIL dernier d\u00e9lai. <\/u><\/strong><strong><u><\/u><\/strong><\/p>\n\n\n\n<p><strong><u>Merci de vous inscrire aupr\u00e8s de vos \u00e9lus CSE au local \u2013 nombre de participants limit\u00e9s.<\/u><\/strong><\/p>\n\n\n\n<p><strong><u>Merci de faire suivre ce mail \u00e0 toutes les personnes ne disposant pas d\u2019une adresse mail professionnelle<\/u><\/strong><\/p>\n\n\n\n<p>Les membres du CSE<\/p>\n","protected":false},"excerpt":{"rendered":"<p>Le CSE a le plaisir de vous proposer une sortie conviviale afin de partager un moment agr\u00e9able en dehors du cadre professionnel. Sortie propos\u00e9e\u00a0: CANAL DE SAVIERE le SAMEDI 04 JUILLET 2026 D\u00e9roulement pr\u00e9vu de la journ\u00e9e&nbsp;: D\u00e9part des participants <a class=\"more-link\" href=\"https:\/\/cceroset.fr\/?page_id=14258\">Lire plus &#8230;<\/a><\/p>\n","protected":false},"author":1,"featured_media":0,"parent":0,"menu_order":0,"comment_status":"closed","ping_status":"closed","template":"","meta":{"footnotes":""},"class_list":["post-14258","page","type-page","status-publish","hentry"],"_links":{"self":[{"href":"https:\/\/cceroset.fr\/index.php?rest_route=\/wp\/v2\/pages\/14258","targetHints":{"allow":["GET"]}}],"collection":[{"href":"https:\/\/cceroset.fr\/index.php?rest_route=\/wp\/v2\/pages"}],"about":[{"href":"https:\/\/cceroset.fr\/index.php?rest_route=\/wp\/v2\/types\/page"}],"author":[{"embeddable":true,"href":"https:\/\/cceroset.fr\/index.php?rest_route=\/wp\/v2\/users\/1"}],"replies":[{"embeddable":true,"href":"https:\/\/cceroset.fr\/index.php?rest_route=%2Fwp%2Fv2%2Fcomments&post=14258"}],"version-history":[{"count":2,"href":"https:\/\/cceroset.fr\/index.php?rest_route=\/wp\/v2\/pages\/14258\/revisions"}],"predecessor-version":[{"id":14261,"href":"https:\/\/cceroset.fr\/index.php?rest_route=\/wp\/v2\/pages\/14258\/revisions\/14261"}],"wp:attachment":[{"href":"https:\/\/cceroset.fr\/index.php?rest_route=%2Fwp%2Fv2%2Fmedia&parent=14258"}],"curies":[{"name":"wp","href":"https:\/\/api.w.org\/{rel}","templated":true}]}}