{"id":1426,"date":"2018-01-18T18:21:46","date_gmt":"2018-01-18T17:21:46","guid":{"rendered":"http:\/\/cceroset.fr\/?page_id=1426"},"modified":"2025-02-18T14:37:38","modified_gmt":"2025-02-18T13:37:38","slug":"info-appartements-2","status":"publish","type":"page","link":"https:\/\/cceroset.fr\/?page_id=1426","title":{"rendered":"Info appartements"},"content":{"rendered":"<h3><em><span style=\"text-decoration: underline;\"><strong><span style=\"color: #ff0000; text-decoration: underline;\">ATTENTION<\/span> <\/strong><\/span><\/em><span style=\"color: #ff0000;\">:&nbsp;&nbsp;&nbsp;&nbsp;&nbsp;&nbsp;&nbsp;&nbsp;&nbsp;&nbsp;&nbsp; &nbsp;<\/span><\/h3>\n<h3><span style=\"color: #0000ff;\">Les chiens sont interdits dans les appartements<\/span><\/h3>\n<h3><span style=\"color: #0000ff;\">et dans l&rsquo;enceinte de la copropri\u00e9t\u00e9<\/span><\/h3>\n<h3><strong><span style=\"color: #0000ff;\">m\u00eame tenus en laisse<\/span><\/strong>.<\/h3>\n<h3><a href=\"http:\/\/cceroset.fr\/wp-content\/uploads\/2018\/11\/Interdit-au-chiens-m\u00eame-en-laisse.png\"><img loading=\"lazy\" decoding=\"async\" class=\"alignnone wp-image-1917\" src=\"http:\/\/cceroset.fr\/wp-content\/uploads\/2018\/11\/Interdit-au-chiens-m\u00eame-en-laisse.png\" alt=\"\" width=\"93\" height=\"93\" srcset=\"https:\/\/cceroset.fr\/wp-content\/uploads\/2018\/11\/Interdit-au-chiens-m\u00eame-en-laisse.png 224w, https:\/\/cceroset.fr\/wp-content\/uploads\/2018\/11\/Interdit-au-chiens-m\u00eame-en-laisse-150x150.png 150w\" sizes=\"auto, (max-width: 93px) 100vw, 93px\" \/><\/a><a href=\"http:\/\/cceroset.fr\/wp-content\/uploads\/2018\/11\/Interdit-au-chat.png\"><img loading=\"lazy\" decoding=\"async\" class=\"alignnone  wp-image-1920\" src=\"http:\/\/cceroset.fr\/wp-content\/uploads\/2018\/11\/Interdit-au-chat.png\" alt=\"\" width=\"99\" height=\"105\"><\/a><a href=\"http:\/\/cceroset.fr\/wp-content\/uploads\/2018\/11\/Chaussure-de-ski-interdit.jpg\"><img loading=\"lazy\" decoding=\"async\" class=\"alignnone wp-image-1918\" src=\"http:\/\/cceroset.fr\/wp-content\/uploads\/2018\/11\/Chaussure-de-ski-interdit.jpg\" alt=\"\" width=\"95\" height=\"95\" srcset=\"https:\/\/cceroset.fr\/wp-content\/uploads\/2018\/11\/Chaussure-de-ski-interdit.jpg 200w, https:\/\/cceroset.fr\/wp-content\/uploads\/2018\/11\/Chaussure-de-ski-interdit-150x150.jpg 150w\" sizes=\"auto, (max-width: 95px) 100vw, 95px\" \/><\/a><a href=\"http:\/\/cceroset.fr\/wp-content\/uploads\/2018\/11\/Interdiction-de-fumer.jpg\"><img loading=\"lazy\" decoding=\"async\" class=\"alignnone wp-image-1911\" src=\"http:\/\/cceroset.fr\/wp-content\/uploads\/2018\/11\/Interdiction-de-fumer.jpg\" alt=\"\" width=\"120\" height=\"120\" srcset=\"https:\/\/cceroset.fr\/wp-content\/uploads\/2018\/11\/Interdiction-de-fumer.jpg 600w, https:\/\/cceroset.fr\/wp-content\/uploads\/2018\/11\/Interdiction-de-fumer-150x150.jpg 150w, https:\/\/cceroset.fr\/wp-content\/uploads\/2018\/11\/Interdiction-de-fumer-300x300.jpg 300w\" sizes=\"auto, (max-width: 120px) 100vw, 120px\" \/><\/a><\/h3>\n<h3>&nbsp;<\/h3>\n<h3><span style=\"color: #0000ff;\"><span style=\"text-decoration: underline;\">Pour toutes les informations sur vos appartements<\/span> <\/span><\/h3>\n<h3><span style=\"color: #0000ff;\">vous pouvez prendre contact au : 04 74 36 18 61 <\/span><\/h3>\n<h3><span style=\"color: #0000ff;\">ou par mail : csesieges@roset.fr<\/span><\/h3>\n\n\n<p><\/p>\n","protected":false},"excerpt":{"rendered":"<p>ATTENTION :&nbsp;&nbsp;&nbsp;&nbsp;&nbsp;&nbsp;&nbsp;&nbsp;&nbsp;&nbsp;&nbsp; &nbsp; Les chiens sont interdits dans les appartements et dans l&rsquo;enceinte de la copropri\u00e9t\u00e9 m\u00eame tenus en laisse. &nbsp; Pour toutes les informations sur vos appartements vous pouvez prendre contact au : 04 74 36 18 61 ou <a class=\"more-link\" href=\"https:\/\/cceroset.fr\/?page_id=1426\">Lire plus &#8230;<\/a><\/p>\n","protected":false},"author":1,"featured_media":0,"parent":0,"menu_order":0,"comment_status":"closed","ping_status":"closed","template":"","meta":{"footnotes":""},"class_list":["post-1426","page","type-page","status-publish","hentry"],"_links":{"self":[{"href":"https:\/\/cceroset.fr\/index.php?rest_route=\/wp\/v2\/pages\/1426","targetHints":{"allow":["GET"]}}],"collection":[{"href":"https:\/\/cceroset.fr\/index.php?rest_route=\/wp\/v2\/pages"}],"about":[{"href":"https:\/\/cceroset.fr\/index.php?rest_route=\/wp\/v2\/types\/page"}],"author":[{"embeddable":true,"href":"https:\/\/cceroset.fr\/index.php?rest_route=\/wp\/v2\/users\/1"}],"replies":[{"embeddable":true,"href":"https:\/\/cceroset.fr\/index.php?rest_route=%2Fwp%2Fv2%2Fcomments&post=1426"}],"version-history":[{"count":21,"href":"https:\/\/cceroset.fr\/index.php?rest_route=\/wp\/v2\/pages\/1426\/revisions"}],"predecessor-version":[{"id":11849,"href":"https:\/\/cceroset.fr\/index.php?rest_route=\/wp\/v2\/pages\/1426\/revisions\/11849"}],"wp:attachment":[{"href":"https:\/\/cceroset.fr\/index.php?rest_route=%2Fwp%2Fv2%2Fmedia&parent=1426"}],"curies":[{"name":"wp","href":"https:\/\/api.w.org\/{rel}","templated":true}]}}