{"id":161,"date":"2017-05-10T13:14:09","date_gmt":"2017-05-10T12:14:09","guid":{"rendered":"http:\/\/cceroset.fr\/?page_id=161"},"modified":"2018-11-01T11:10:16","modified_gmt":"2018-11-01T10:10:16","slug":"galeries-dimage-et-video","status":"publish","type":"page","link":"https:\/\/cceroset.fr\/?page_id=161","title":{"rendered":"Galeries d&rsquo;image et vid\u00e9o"},"content":{"rendered":"<p><img loading=\"lazy\" decoding=\"async\" class=\"alignnone size-medium wp-image-429\" src=\"http:\/\/cceroset.fr\/wp-content\/uploads\/2017\/05\/Eau-coucher--300x200.jpg\" alt=\"\" width=\"300\" height=\"200\" srcset=\"https:\/\/cceroset.fr\/wp-content\/uploads\/2017\/05\/Eau-coucher--300x200.jpg 300w, https:\/\/cceroset.fr\/wp-content\/uploads\/2017\/05\/Eau-coucher-.jpg 510w\" sizes=\"auto, (max-width: 300px) 100vw, 300px\" \/><\/p>\n<h4><em><span style=\"color: #000080;\">Photos appartement des Deux Alpes<\/span><\/em><\/h4>\n<p>\r\n\t\t\t\t\t\n\r\n\t\t\t\t\t<!-- START UNITE GALLERY LITE 1.7.54 -->\r\n\t\t\t\t\t\r\n\t\t\t\t\n\t\t\t<div id='unitegallery_3_1' class='unite-gallery' style='margin:0px auto;'>\n\t\t\t\t\n\n\t\t\t\t\t\t<img alt=\"Multy les 2 Alpes\"\n\t\t\t\t\t\t     src=\"\" data-image=\"https:\/\/cceroset.fr\/wp-content\/uploads\/2018\/04\/Multy-les-2-Alpes-e1523278785144.jpg\"\n\t\t\t\t\t\t     data-thumb=\"https:\/\/cceroset.fr\/wp-content\/uploads\/2018\/04\/Multy-les-2-Alpes-e1523278785144-300x225.jpg\"\n\t\t\t\t\t\t     title=\"\"\n\t\t\t\t\t\t     style=\"display:none\">\n\n\t\t\t\t\t\t<img alt=\"Table Doppio les 2 Alpes\"\n\t\t\t\t\t\t     src=\"\" data-image=\"https:\/\/cceroset.fr\/wp-content\/uploads\/2018\/04\/Table-Doppio-les-2-Alpes-e1523278769225.jpg\"\n\t\t\t\t\t\t     data-thumb=\"https:\/\/cceroset.fr\/wp-content\/uploads\/2018\/04\/Table-Doppio-les-2-Alpes-e1523278769225-225x300.jpg\"\n\t\t\t\t\t\t     title=\"\"\n\t\t\t\t\t\t     style=\"display:none\">\n\n\t\t\t\t\t\t<img alt=\"App le Flocon d or les deux Alpes (4)\"\n\t\t\t\t\t\t     src=\"\" data-image=\"https:\/\/cceroset.fr\/wp-content\/uploads\/2017\/12\/App-le-Flocon-d-or-les-deux-Alpes-4.jpg\"\n\t\t\t\t\t\t     data-thumb=\"https:\/\/cceroset.fr\/wp-content\/uploads\/2017\/12\/App-le-Flocon-d-or-les-deux-Alpes-4-300x225.jpg\"\n\t\t\t\t\t\t     title=\"\"\n\t\t\t\t\t\t     style=\"display:none\">\n\n\t\t\t\t\t\t<img alt=\"Douche les 2 Alpes\"\n\t\t\t\t\t\t     src=\"\" data-image=\"\"\n\t\t\t\t\t\t     data-thumb=\"\"\n\t\t\t\t\t\t     title=\"\"\n\t\t\t\t\t\t     style=\"display:none\">\n\n\t\t\t\t\t\t<img alt=\"Les Balcons du Soleil (10)\"\n\t\t\t\t\t\t     src=\"\" data-image=\"https:\/\/cceroset.fr\/wp-content\/uploads\/2018\/01\/Les-Balcons-du-Soleil-10-e1515947391998.jpg\"\n\t\t\t\t\t\t     data-thumb=\"https:\/\/cceroset.fr\/wp-content\/uploads\/2018\/01\/Les-Balcons-du-Soleil-10-e1515947391998-225x300.jpg\"\n\t\t\t\t\t\t     title=\"\"\n\t\t\t\t\t\t     style=\"display:none\">\n\n\t\t\t\t\t\t<img alt=\"Appart les 2 Alpes (2)\"\n\t\t\t\t\t\t     src=\"\" data-image=\"https:\/\/cceroset.fr\/wp-content\/uploads\/2018\/01\/Appart-les-2-Alpes-2-1-e1515948242806.jpg\"\n\t\t\t\t\t\t     data-thumb=\"https:\/\/cceroset.fr\/wp-content\/uploads\/2018\/01\/Appart-les-2-Alpes-2-1-e1515948242806-225x300.jpg\"\n\t\t\t\t\t\t     title=\"\"\n\t\t\t\t\t\t     style=\"display:none\">\n\n\t\t\t\t\t\t<img alt=\"Les Balcons du Soleil (7)\"\n\t\t\t\t\t\t     src=\"\" data-image=\"https:\/\/cceroset.fr\/wp-content\/uploads\/2018\/01\/Les-Balcons-du-Soleil-7-e1515947445165.jpg\"\n\t\t\t\t\t\t     data-thumb=\"https:\/\/cceroset.fr\/wp-content\/uploads\/2018\/01\/Les-Balcons-du-Soleil-7-e1515947445165-225x300.jpg\"\n\t\t\t\t\t\t     title=\"\"\n\t\t\t\t\t\t     style=\"display:none\">\n\n\t\t\t\t\t\t<img alt=\"Appart les 2 Alpes (4)\"\n\t\t\t\t\t\t     src=\"\" data-image=\"https:\/\/cceroset.fr\/wp-content\/uploads\/2018\/01\/Appart-les-2-Alpes-4-e1515948277359.jpg\"\n\t\t\t\t\t\t     data-thumb=\"https:\/\/cceroset.fr\/wp-content\/uploads\/2018\/01\/Appart-les-2-Alpes-4-e1515948277359-300x225.jpg\"\n\t\t\t\t\t\t     title=\"\"\n\t\t\t\t\t\t     style=\"display:none\">\n\n\t\t\t\t\t\t<img alt=\"les-deux-alpes-residence-le-flocon-d-or-3\"\n\t\t\t\t\t\t     src=\"\" data-image=\"https:\/\/cceroset.fr\/wp-content\/uploads\/2017\/12\/les-deux-alpes-residence-le-flocon-d-or-3.jpg\"\n\t\t\t\t\t\t     data-thumb=\"https:\/\/cceroset.fr\/wp-content\/uploads\/2017\/12\/les-deux-alpes-residence-le-flocon-d-or-3-300x191.jpg\"\n\t\t\t\t\t\t     title=\"\"\n\t\t\t\t\t\t     style=\"display:none\">\n\n\t\t\t\t\t\t<img alt=\"les-deux-alpes-residence-le-flocon-d-or-4\"\n\t\t\t\t\t\t     src=\"\" data-image=\"https:\/\/cceroset.fr\/wp-content\/uploads\/2017\/12\/les-deux-alpes-residence-le-flocon-d-or-4.jpg\"\n\t\t\t\t\t\t     data-thumb=\"https:\/\/cceroset.fr\/wp-content\/uploads\/2017\/12\/les-deux-alpes-residence-le-flocon-d-or-4-300x191.jpg\"\n\t\t\t\t\t\t     title=\"\"\n\t\t\t\t\t\t     style=\"display:none\">\n\n\t\t\t\t\t\t<img alt=\"Les Balcons du Soleil (8)\"\n\t\t\t\t\t\t     src=\"\" data-image=\"https:\/\/cceroset.fr\/wp-content\/uploads\/2018\/01\/Les-Balcons-du-Soleil-8-e1515947413262.jpg\"\n\t\t\t\t\t\t     data-thumb=\"https:\/\/cceroset.fr\/wp-content\/uploads\/2018\/01\/Les-Balcons-du-Soleil-8-e1515947413262-225x300.jpg\"\n\t\t\t\t\t\t     title=\"\"\n\t\t\t\t\t\t     style=\"display:none\">\n\n\t\t\t\t\t\t<img alt=\"App le Flocon d or les deux Alpes (6)\"\n\t\t\t\t\t\t     src=\"\" data-image=\"https:\/\/cceroset.fr\/wp-content\/uploads\/2017\/12\/App-le-Flocon-d-or-les-deux-Alpes-6.jpg\"\n\t\t\t\t\t\t     data-thumb=\"https:\/\/cceroset.fr\/wp-content\/uploads\/2017\/12\/App-le-Flocon-d-or-les-deux-Alpes-6-300x225.jpg\"\n\t\t\t\t\t\t     title=\"\"\n\t\t\t\t\t\t     style=\"display:none\">\n\n\t\t\t\t\t\t<img alt=\"Les Balcons du Soleil (2)\"\n\t\t\t\t\t\t     src=\"\" data-image=\"https:\/\/cceroset.fr\/wp-content\/uploads\/2018\/01\/Les-Balcons-du-Soleil-2-e1515947456372.jpg\"\n\t\t\t\t\t\t     data-thumb=\"https:\/\/cceroset.fr\/wp-content\/uploads\/2018\/01\/Les-Balcons-du-Soleil-2-e1515947456372-225x300.jpg\"\n\t\t\t\t\t\t     title=\"\"\n\t\t\t\t\t\t     style=\"display:none\">\n\n\t\t\t\t\t\t<img alt=\"Les Balcons du Soleil (9)\"\n\t\t\t\t\t\t     src=\"\" data-image=\"https:\/\/cceroset.fr\/wp-content\/uploads\/2018\/01\/Les-Balcons-du-Soleil-9-e1515947403444.jpg\"\n\t\t\t\t\t\t     data-thumb=\"https:\/\/cceroset.fr\/wp-content\/uploads\/2018\/01\/Les-Balcons-du-Soleil-9-e1515947403444-225x300.jpg\"\n\t\t\t\t\t\t     title=\"\"\n\t\t\t\t\t\t     style=\"display:none\">\n\n\t\t\t\t\t\t<img alt=\"App le Flocon d or les deux Alpes (5)\"\n\t\t\t\t\t\t     src=\"\" data-image=\"https:\/\/cceroset.fr\/wp-content\/uploads\/2017\/12\/App-le-Flocon-d-or-les-deux-Alpes-5.jpg\"\n\t\t\t\t\t\t     data-thumb=\"https:\/\/cceroset.fr\/wp-content\/uploads\/2017\/12\/App-le-Flocon-d-or-les-deux-Alpes-5-300x225.jpg\"\n\t\t\t\t\t\t     title=\"\"\n\t\t\t\t\t\t     style=\"display:none\">\n\n\t\t\t\t\t\t<img alt=\"Les Balcons du Soleil (4)\"\n\t\t\t\t\t\t     src=\"\" data-image=\"https:\/\/cceroset.fr\/wp-content\/uploads\/2018\/01\/Les-Balcons-du-Soleil-4-e1515947425272.jpg\"\n\t\t\t\t\t\t     data-thumb=\"https:\/\/cceroset.fr\/wp-content\/uploads\/2018\/01\/Les-Balcons-du-Soleil-4-e1515947425272-300x225.jpg\"\n\t\t\t\t\t\t     title=\"\"\n\t\t\t\t\t\t     style=\"display:none\">\n\n\t\t\t\t\t\t<img alt=\"les-deux-alpes-residence-le-flocon-d-or-5\"\n\t\t\t\t\t\t     src=\"\" data-image=\"https:\/\/cceroset.fr\/wp-content\/uploads\/2017\/12\/les-deux-alpes-residence-le-flocon-d-or-5.jpg\"\n\t\t\t\t\t\t     data-thumb=\"https:\/\/cceroset.fr\/wp-content\/uploads\/2017\/12\/les-deux-alpes-residence-le-flocon-d-or-5-300x191.jpg\"\n\t\t\t\t\t\t     title=\"\"\n\t\t\t\t\t\t     style=\"display:none\">\n\n\t\t\t\t\t\t<img alt=\"App le Flocon d or les deux Alpes (6)\"\n\t\t\t\t\t\t     src=\"\" data-image=\"https:\/\/cceroset.fr\/wp-content\/uploads\/2017\/12\/App-le-Flocon-d-or-les-deux-Alpes-6.jpg\"\n\t\t\t\t\t\t     data-thumb=\"https:\/\/cceroset.fr\/wp-content\/uploads\/2017\/12\/App-le-Flocon-d-or-les-deux-Alpes-6-300x225.jpg\"\n\t\t\t\t\t\t     title=\"\"\n\t\t\t\t\t\t     style=\"display:none\">\n\n\t\t\t\t\t\t<img alt=\"Les Balcons du Soleil 0\"\n\t\t\t\t\t\t     src=\"\" data-image=\"https:\/\/cceroset.fr\/wp-content\/uploads\/2018\/01\/Les-Balcons-du-Soleil-0-e1515947380303.jpg\"\n\t\t\t\t\t\t     data-thumb=\"https:\/\/cceroset.fr\/wp-content\/uploads\/2018\/01\/Les-Balcons-du-Soleil-0-e1515947380303-225x300.jpg\"\n\t\t\t\t\t\t     title=\"\"\n\t\t\t\t\t\t     style=\"display:none\">\n\n\t\t\t\t\t\t<img alt=\"location-les-deux-alpes-residence-club-odalys-le-flocon-d-or-7\"\n\t\t\t\t\t\t     src=\"\" data-image=\"https:\/\/cceroset.fr\/wp-content\/uploads\/2017\/12\/location-les-deux-alpes-residence-club-odalys-le-flocon-d-or-7.jpg\"\n\t\t\t\t\t\t     data-thumb=\"https:\/\/cceroset.fr\/wp-content\/uploads\/2017\/12\/location-les-deux-alpes-residence-club-odalys-le-flocon-d-or-7-300x191.jpg\"\n\t\t\t\t\t\t     title=\"\"\n\t\t\t\t\t\t     style=\"display:none\">\n\t\t\t<\/div>\n\n\t\t\t<script type='text\/javascript'>\n\t\t\t\twindow.onload = function(e) {\n\t\t\t\t\tif(typeof ugCheckForErrors == \"undefined\"){\n\t\t\t\t\t\tdocument.getElementById(\"unitegallery_3_1\").innerHTML = \"<span style='color:red'>Unite Gallery Error - gallery js and css files not included in the footer. Please make sure that wp_footer() function is added to your theme.<\/span>\";}\n\t\t\t\t\telse{ ugCheckForErrors(\"unitegallery_3_1\", \"jquery\");}\n\t\t\t\t};\n\t\t\t<\/script>\n\n\t\t\t<!-- END UNITEGALLERY LITE--><\/p>\n<p><strong><span style=\"color: #0000ff;\"><em>Photos appartement de S\u00e8te<\/em><\/span><\/strong><\/p>\n<p>\r\n\t\t\t\t\t\n\r\n\t\t\t\t\t<!-- START UNITE GALLERY LITE 1.7.54 -->\r\n\t\t\t\t\t\r\n\t\t\t\t\n\t\t\t<div id='unitegallery_17_2' class='unite-gallery' style='margin:0px auto;'>\n\t\t\t\t\n\n\t\t\t\t\t\t<img alt=\"RICOH IMAGING\"\n\t\t\t\t\t\t     src=\"\" data-image=\"https:\/\/cceroset.fr\/wp-content\/uploads\/2018\/10\/Photos-S\u00e8te-14.jpg\"\n\t\t\t\t\t\t     data-thumb=\"https:\/\/cceroset.fr\/wp-content\/uploads\/2018\/10\/Photos-S\u00e8te-14-300x225.jpg\"\n\t\t\t\t\t\t     title=\"\"\n\t\t\t\t\t\t     style=\"display:none\">\n\n\t\t\t\t\t\t<img alt=\"RICOH IMAGING\"\n\t\t\t\t\t\t     src=\"\" data-image=\"https:\/\/cceroset.fr\/wp-content\/uploads\/2018\/10\/Photos-S\u00e8te-13.jpg\"\n\t\t\t\t\t\t     data-thumb=\"https:\/\/cceroset.fr\/wp-content\/uploads\/2018\/10\/Photos-S\u00e8te-13-225x300.jpg\"\n\t\t\t\t\t\t     title=\"\"\n\t\t\t\t\t\t     style=\"display:none\">\n\n\t\t\t\t\t\t<img alt=\"RICOH IMAGING\"\n\t\t\t\t\t\t     src=\"\" data-image=\"https:\/\/cceroset.fr\/wp-content\/uploads\/2018\/10\/Photos-S\u00e8te-12.jpg\"\n\t\t\t\t\t\t     data-thumb=\"https:\/\/cceroset.fr\/wp-content\/uploads\/2018\/10\/Photos-S\u00e8te-12-300x225.jpg\"\n\t\t\t\t\t\t     title=\"\"\n\t\t\t\t\t\t     style=\"display:none\">\n\n\t\t\t\t\t\t<img alt=\"RICOH IMAGING\"\n\t\t\t\t\t\t     src=\"\" data-image=\"https:\/\/cceroset.fr\/wp-content\/uploads\/2018\/10\/Photos-S\u00e8te-11.jpg\"\n\t\t\t\t\t\t     data-thumb=\"https:\/\/cceroset.fr\/wp-content\/uploads\/2018\/10\/Photos-S\u00e8te-11-300x225.jpg\"\n\t\t\t\t\t\t     title=\"\"\n\t\t\t\t\t\t     style=\"display:none\">\n\n\t\t\t\t\t\t<img alt=\"RICOH IMAGING\"\n\t\t\t\t\t\t     src=\"\" data-image=\"https:\/\/cceroset.fr\/wp-content\/uploads\/2018\/10\/Photos-S\u00e8te-10.jpg\"\n\t\t\t\t\t\t     data-thumb=\"https:\/\/cceroset.fr\/wp-content\/uploads\/2018\/10\/Photos-S\u00e8te-10-300x225.jpg\"\n\t\t\t\t\t\t     title=\"\"\n\t\t\t\t\t\t     style=\"display:none\">\n\n\t\t\t\t\t\t<img alt=\"RICOH IMAGING\"\n\t\t\t\t\t\t     src=\"\" data-image=\"https:\/\/cceroset.fr\/wp-content\/uploads\/2018\/10\/Photos-S\u00e8te-9.jpg\"\n\t\t\t\t\t\t     data-thumb=\"https:\/\/cceroset.fr\/wp-content\/uploads\/2018\/10\/Photos-S\u00e8te-9-300x225.jpg\"\n\t\t\t\t\t\t     title=\"\"\n\t\t\t\t\t\t     style=\"display:none\">\n\n\t\t\t\t\t\t<img alt=\"RICOH IMAGING\"\n\t\t\t\t\t\t     src=\"\" data-image=\"https:\/\/cceroset.fr\/wp-content\/uploads\/2018\/10\/Photos-S\u00e8te-8.jpg\"\n\t\t\t\t\t\t     data-thumb=\"https:\/\/cceroset.fr\/wp-content\/uploads\/2018\/10\/Photos-S\u00e8te-8-300x225.jpg\"\n\t\t\t\t\t\t     title=\"\"\n\t\t\t\t\t\t     style=\"display:none\">\n\n\t\t\t\t\t\t<img alt=\"RICOH IMAGING\"\n\t\t\t\t\t\t     src=\"\" data-image=\"https:\/\/cceroset.fr\/wp-content\/uploads\/2018\/10\/Photos-S\u00e8te-7.jpg\"\n\t\t\t\t\t\t     data-thumb=\"https:\/\/cceroset.fr\/wp-content\/uploads\/2018\/10\/Photos-S\u00e8te-7-300x225.jpg\"\n\t\t\t\t\t\t     title=\"\"\n\t\t\t\t\t\t     style=\"display:none\">\n\n\t\t\t\t\t\t<img alt=\"RICOH IMAGING\"\n\t\t\t\t\t\t     src=\"\" data-image=\"https:\/\/cceroset.fr\/wp-content\/uploads\/2018\/10\/Photos-S\u00e8te-6.jpg\"\n\t\t\t\t\t\t     data-thumb=\"https:\/\/cceroset.fr\/wp-content\/uploads\/2018\/10\/Photos-S\u00e8te-6-300x225.jpg\"\n\t\t\t\t\t\t     title=\"\"\n\t\t\t\t\t\t     style=\"display:none\">\n\n\t\t\t\t\t\t<img alt=\"RICOH IMAGING\"\n\t\t\t\t\t\t     src=\"\" data-image=\"https:\/\/cceroset.fr\/wp-content\/uploads\/2018\/10\/Photos-S\u00e8te-5.jpg\"\n\t\t\t\t\t\t     data-thumb=\"https:\/\/cceroset.fr\/wp-content\/uploads\/2018\/10\/Photos-S\u00e8te-5-225x300.jpg\"\n\t\t\t\t\t\t     title=\"\"\n\t\t\t\t\t\t     style=\"display:none\">\n\n\t\t\t\t\t\t<img alt=\"RICOH IMAGING\"\n\t\t\t\t\t\t     src=\"\" data-image=\"https:\/\/cceroset.fr\/wp-content\/uploads\/2018\/10\/Photos-S\u00e8te-4.jpg\"\n\t\t\t\t\t\t     data-thumb=\"https:\/\/cceroset.fr\/wp-content\/uploads\/2018\/10\/Photos-S\u00e8te-4-300x225.jpg\"\n\t\t\t\t\t\t     title=\"\"\n\t\t\t\t\t\t     style=\"display:none\">\n\n\t\t\t\t\t\t<img alt=\"RICOH IMAGING\"\n\t\t\t\t\t\t     src=\"\" data-image=\"\"\n\t\t\t\t\t\t     data-thumb=\"\"\n\t\t\t\t\t\t     title=\"\"\n\t\t\t\t\t\t     style=\"display:none\">\n\n\t\t\t\t\t\t<img alt=\"RICOH IMAGING\"\n\t\t\t\t\t\t     src=\"\" data-image=\"https:\/\/cceroset.fr\/wp-content\/uploads\/2018\/10\/Photos-S\u00e8te-2.jpg\"\n\t\t\t\t\t\t     data-thumb=\"https:\/\/cceroset.fr\/wp-content\/uploads\/2018\/10\/Photos-S\u00e8te-2-225x300.jpg\"\n\t\t\t\t\t\t     title=\"\"\n\t\t\t\t\t\t     style=\"display:none\">\n\n\t\t\t\t\t\t<img alt=\"RICOH IMAGING\"\n\t\t\t\t\t\t     src=\"\" data-image=\"https:\/\/cceroset.fr\/wp-content\/uploads\/2018\/10\/Photos-S\u00e8te-1-1.jpg\"\n\t\t\t\t\t\t     data-thumb=\"https:\/\/cceroset.fr\/wp-content\/uploads\/2018\/10\/Photos-S\u00e8te-1-1-225x300.jpg\"\n\t\t\t\t\t\t     title=\"\"\n\t\t\t\t\t\t     style=\"display:none\">\n\t\t\t<\/div>\n\n\n\t\t\t<!-- END UNITEGALLERY LITE--><\/p>\n<p><span style=\"color: #0000ff;\"><em><strong>Photos appartement de Th\u00f4nes<\/strong><\/em><\/span><\/p>\n<p>\r\n\t\t\t\t\t\n\r\n\t\t\t\t\t<!-- START UNITE GALLERY LITE 1.7.54 -->\r\n\t\t\t\t\t\r\n\t\t\t\t\n\t\t\t<div id='unitegallery_13_3' class='unite-gallery' style='margin:0px auto;'>\n\t\t\t\t\n\n\t\t\t\t\t\t<img alt=\"Th\u00f4nes 2\"\n\t\t\t\t\t\t     src=\"\" data-image=\"https:\/\/cceroset.fr\/wp-content\/uploads\/2017\/06\/Th\u00f4nes-2.jpg\"\n\t\t\t\t\t\t     data-thumb=\"https:\/\/cceroset.fr\/wp-content\/uploads\/2017\/06\/Th\u00f4nes-2-300x200.jpg\"\n\t\t\t\t\t\t     title=\"\"\n\t\t\t\t\t\t     style=\"display:none\">\n\n\t\t\t\t\t\t<img alt=\"Th\u00f4nes 1\"\n\t\t\t\t\t\t     src=\"\" data-image=\"https:\/\/cceroset.fr\/wp-content\/uploads\/2017\/06\/Th\u00f4nes-1.jpg\"\n\t\t\t\t\t\t     data-thumb=\"https:\/\/cceroset.fr\/wp-content\/uploads\/2017\/06\/Th\u00f4nes-1-300x225.jpg\"\n\t\t\t\t\t\t     title=\"\"\n\t\t\t\t\t\t     style=\"display:none\">\n\n\t\t\t\t\t\t<img alt=\"Th\u00f4nes 3\"\n\t\t\t\t\t\t     src=\"\" data-image=\"https:\/\/cceroset.fr\/wp-content\/uploads\/2017\/06\/Th\u00f4nes-3.png\"\n\t\t\t\t\t\t     data-thumb=\"https:\/\/cceroset.fr\/wp-content\/uploads\/2017\/06\/Th\u00f4nes-3-300x200.png\"\n\t\t\t\t\t\t     title=\"\"\n\t\t\t\t\t\t     style=\"display:none\">\n\n\t\t\t\t\t\t<img alt=\"Th\u00f4nes vu 2\"\n\t\t\t\t\t\t     src=\"\" data-image=\"https:\/\/cceroset.fr\/wp-content\/uploads\/2017\/06\/Th\u00f4nes-vu-2.jpg\"\n\t\t\t\t\t\t     data-thumb=\"https:\/\/cceroset.fr\/wp-content\/uploads\/2017\/06\/Th\u00f4nes-vu-2-300x118.jpg\"\n\t\t\t\t\t\t     title=\"\"\n\t\t\t\t\t\t     style=\"display:none\">\n\n\t\t\t\t\t\t<img alt=\"Th\u00f4nes vu 1\"\n\t\t\t\t\t\t     src=\"\" data-image=\"https:\/\/cceroset.fr\/wp-content\/uploads\/2017\/06\/Th\u00f4nes-vu-1.jpg\"\n\t\t\t\t\t\t     data-thumb=\"https:\/\/cceroset.fr\/wp-content\/uploads\/2017\/06\/Th\u00f4nes-vu-1-300x99.jpg\"\n\t\t\t\t\t\t     title=\"\"\n\t\t\t\t\t\t     style=\"display:none\">\n\n\t\t\t\t\t\t<img alt=\"Th\u00f4nes entr\u00e9e et sol\"\n\t\t\t\t\t\t     src=\"\" data-image=\"https:\/\/cceroset.fr\/wp-content\/uploads\/2017\/10\/Th\u00f4nes-entr\u00e9e-et-sol.jpg\"\n\t\t\t\t\t\t     data-thumb=\"https:\/\/cceroset.fr\/wp-content\/uploads\/2017\/10\/Th\u00f4nes-entr\u00e9e-et-sol-225x300.jpg\"\n\t\t\t\t\t\t     title=\"\"\n\t\t\t\t\t\t     style=\"display:none\">\n\n\t\t\t\t\t\t<img alt=\"Th\u00f4nes apr\u00e8s r\u00e9novation 2017 (1)\"\n\t\t\t\t\t\t     src=\"\" data-image=\"https:\/\/cceroset.fr\/wp-content\/uploads\/2017\/12\/Th\u00f4nes-apr\u00e8s-r\u00e9novation-2017-1.jpg\"\n\t\t\t\t\t\t     data-thumb=\"https:\/\/cceroset.fr\/wp-content\/uploads\/2017\/12\/Th\u00f4nes-apr\u00e8s-r\u00e9novation-2017-1-300x169.jpg\"\n\t\t\t\t\t\t     title=\"\"\n\t\t\t\t\t\t     style=\"display:none\">\n\n\t\t\t\t\t\t<img alt=\"Th\u00f4nes apr\u00e8s r\u00e9novation 2017 (2)\"\n\t\t\t\t\t\t     src=\"\" data-image=\"https:\/\/cceroset.fr\/wp-content\/uploads\/2017\/12\/Th\u00f4nes-apr\u00e8s-r\u00e9novation-2017-2.jpg\"\n\t\t\t\t\t\t     data-thumb=\"https:\/\/cceroset.fr\/wp-content\/uploads\/2017\/12\/Th\u00f4nes-apr\u00e8s-r\u00e9novation-2017-2-300x169.jpg\"\n\t\t\t\t\t\t     title=\"\"\n\t\t\t\t\t\t     style=\"display:none\">\n\n\t\t\t\t\t\t<img alt=\"Th\u00f4nes apr\u00e8s r\u00e9novation 2017 (3)\"\n\t\t\t\t\t\t     src=\"\" data-image=\"https:\/\/cceroset.fr\/wp-content\/uploads\/2017\/12\/Th\u00f4nes-apr\u00e8s-r\u00e9novation-2017-3.jpg\"\n\t\t\t\t\t\t     data-thumb=\"https:\/\/cceroset.fr\/wp-content\/uploads\/2017\/12\/Th\u00f4nes-apr\u00e8s-r\u00e9novation-2017-3-169x300.jpg\"\n\t\t\t\t\t\t     title=\"\"\n\t\t\t\t\t\t     style=\"display:none\">\n\n\t\t\t\t\t\t<img alt=\"Th\u00f4nes apr\u00e8s r\u00e9novation 2017 (4)\"\n\t\t\t\t\t\t     src=\"\" data-image=\"https:\/\/cceroset.fr\/wp-content\/uploads\/2017\/12\/Th\u00f4nes-apr\u00e8s-r\u00e9novation-2017-4.jpg\"\n\t\t\t\t\t\t     data-thumb=\"https:\/\/cceroset.fr\/wp-content\/uploads\/2017\/12\/Th\u00f4nes-apr\u00e8s-r\u00e9novation-2017-4-169x300.jpg\"\n\t\t\t\t\t\t     title=\"\"\n\t\t\t\t\t\t     style=\"display:none\">\n\n\t\t\t\t\t\t<img alt=\"Th\u00f4nes apr\u00e8s r\u00e9novation 2017 (5)\"\n\t\t\t\t\t\t     src=\"\" data-image=\"https:\/\/cceroset.fr\/wp-content\/uploads\/2017\/12\/Th\u00f4nes-apr\u00e8s-r\u00e9novation-2017-5.jpg\"\n\t\t\t\t\t\t     data-thumb=\"https:\/\/cceroset.fr\/wp-content\/uploads\/2017\/12\/Th\u00f4nes-apr\u00e8s-r\u00e9novation-2017-5-300x169.jpg\"\n\t\t\t\t\t\t     title=\"\"\n\t\t\t\t\t\t     style=\"display:none\">\n\n\t\t\t\t\t\t<img alt=\"Th\u00f4nes apr\u00e8s r\u00e9novation 2017 (6)\"\n\t\t\t\t\t\t     src=\"\" data-image=\"https:\/\/cceroset.fr\/wp-content\/uploads\/2017\/12\/Th\u00f4nes-apr\u00e8s-r\u00e9novation-2017-6.jpg\"\n\t\t\t\t\t\t     data-thumb=\"https:\/\/cceroset.fr\/wp-content\/uploads\/2017\/12\/Th\u00f4nes-apr\u00e8s-r\u00e9novation-2017-6-300x169.jpg\"\n\t\t\t\t\t\t     title=\"\"\n\t\t\t\t\t\t     style=\"display:none\">\n\n\t\t\t\t\t\t<img alt=\"Th\u00f4nes apr\u00e8s r\u00e9novation 2017 (7)\"\n\t\t\t\t\t\t     src=\"\" data-image=\"https:\/\/cceroset.fr\/wp-content\/uploads\/2017\/12\/Th\u00f4nes-apr\u00e8s-r\u00e9novation-2017-7.jpg\"\n\t\t\t\t\t\t     data-thumb=\"https:\/\/cceroset.fr\/wp-content\/uploads\/2017\/12\/Th\u00f4nes-apr\u00e8s-r\u00e9novation-2017-7-169x300.jpg\"\n\t\t\t\t\t\t     title=\"\"\n\t\t\t\t\t\t     style=\"display:none\">\n\n\t\t\t\t\t\t<img alt=\"Th\u00f4nes apr\u00e8s r\u00e9novation 2017 (8)\"\n\t\t\t\t\t\t     src=\"\" data-image=\"\"\n\t\t\t\t\t\t     data-thumb=\"\"\n\t\t\t\t\t\t     title=\"\"\n\t\t\t\t\t\t     style=\"display:none\">\n\n\t\t\t\t\t\t<img alt=\"Th\u00f4nes apr\u00e8s r\u00e9novation 2017 (9)\"\n\t\t\t\t\t\t     src=\"\" data-image=\"https:\/\/cceroset.fr\/wp-content\/uploads\/2017\/12\/Th\u00f4nes-apr\u00e8s-r\u00e9novation-2017-9.jpg\"\n\t\t\t\t\t\t     data-thumb=\"https:\/\/cceroset.fr\/wp-content\/uploads\/2017\/12\/Th\u00f4nes-apr\u00e8s-r\u00e9novation-2017-9-225x300.jpg\"\n\t\t\t\t\t\t     title=\"\"\n\t\t\t\t\t\t     style=\"display:none\">\n\n\t\t\t\t\t\t<img alt=\"Th\u00f4nes apr\u00e8s r\u00e9novation 2017 (10)\"\n\t\t\t\t\t\t     src=\"\" data-image=\"https:\/\/cceroset.fr\/wp-content\/uploads\/2017\/12\/Th\u00f4nes-apr\u00e8s-r\u00e9novation-2017-10.jpg\"\n\t\t\t\t\t\t     data-thumb=\"https:\/\/cceroset.fr\/wp-content\/uploads\/2017\/12\/Th\u00f4nes-apr\u00e8s-r\u00e9novation-2017-10-300x169.jpg\"\n\t\t\t\t\t\t     title=\"\"\n\t\t\t\t\t\t     style=\"display:none\">\n\t\t\t<\/div>\n\n\n\t\t\t<!-- END UNITEGALLERY LITE--><\/p>\n","protected":false},"excerpt":{"rendered":"<p>Photos appartement des Deux Alpes Photos appartement de S\u00e8te Photos appartement de Th\u00f4nes<\/p>\n","protected":false},"author":1,"featured_media":0,"parent":0,"menu_order":0,"comment_status":"closed","ping_status":"closed","template":"","meta":{"footnotes":""},"class_list":["post-161","page","type-page","status-publish","hentry"],"_links":{"self":[{"href":"https:\/\/cceroset.fr\/index.php?rest_route=\/wp\/v2\/pages\/161","targetHints":{"allow":["GET"]}}],"collection":[{"href":"https:\/\/cceroset.fr\/index.php?rest_route=\/wp\/v2\/pages"}],"about":[{"href":"https:\/\/cceroset.fr\/index.php?rest_route=\/wp\/v2\/types\/page"}],"author":[{"embeddable":true,"href":"https:\/\/cceroset.fr\/index.php?rest_route=\/wp\/v2\/users\/1"}],"replies":[{"embeddable":true,"href":"https:\/\/cceroset.fr\/index.php?rest_route=%2Fwp%2Fv2%2Fcomments&post=161"}],"version-history":[{"count":9,"href":"https:\/\/cceroset.fr\/index.php?rest_route=\/wp\/v2\/pages\/161\/revisions"}],"predecessor-version":[{"id":1879,"href":"https:\/\/cceroset.fr\/index.php?rest_route=\/wp\/v2\/pages\/161\/revisions\/1879"}],"wp:attachment":[{"href":"https:\/\/cceroset.fr\/index.php?rest_route=%2Fwp%2Fv2%2Fmedia&parent=161"}],"curies":[{"name":"wp","href":"https:\/\/api.w.org\/{rel}","templated":true}]}}