{"id":182,"date":"2017-05-10T14:47:14","date_gmt":"2017-05-10T13:47:14","guid":{"rendered":"http:\/\/cceroset.fr\/?page_id=182"},"modified":"2026-04-09T14:32:15","modified_gmt":"2026-04-09T13:32:15","slug":"billetterie","status":"publish","type":"page","link":"https:\/\/cceroset.fr\/?page_id=182","title":{"rendered":"Billetterie Tarifs 2025"},"content":{"rendered":"<h1><em><span style=\"color: #000080;\">\u00a0<\/span><\/em><\/h1>\n<h2><em><span style=\"color: #000080;\">Le CSE de Briord appliquera les m\u00eames tarifs <\/span><\/em><\/h2>\n<h2><em><span style=\"color: #000080;\">de la billetterie pour les retrait\u00e9s <\/span><\/em><\/h2>\n<h2><em><span style=\"color: #000080;\">sur une p\u00e9riode de 3 ans apr\u00e8s leur d\u00e9part.<\/span><\/em><\/h2>\n<h3><strong><span style=\"color: #ff0000;\">Tous les billets cin\u00e9ma sont limit\u00e9s \u00e0<\/span><\/strong><strong><span style=\"color: #ff0000;\"> 6\/mois\/salari\u00e9s, au-del\u00e0 vente au prix coutant.<\/span><\/strong><\/h3>\n<h3><strong><span style=\"color: #ff0000;\">Tous les billets des parcs sont limit\u00e9s \u00e0 8\/an\/salari\u00e9s, au-del\u00e0 vente au prix coutant<\/span><\/strong><\/h3>\n<h4><a href=\"http:\/\/cceroset.fr\/wp-content\/uploads\/2024\/05\/53440.gif\"><img loading=\"lazy\" decoding=\"async\" class=\"alignnone  wp-image-10240\" src=\"http:\/\/cceroset.fr\/wp-content\/uploads\/2024\/05\/53440.gif\" alt=\"\" width=\"134\" height=\"79\" \/><\/a><\/h4>\n<h4 style=\"text-align: left;\"><span style=\"color: #ff0000;\"><strong>Remise des billets uniquement contre paiement<\/strong><\/span><\/h4>\n<h1><strong><span style=\"color: #ff0000;\">PAS DE REPRISE DE BILLETS NON UTILISES<\/span><\/strong><\/h1>\n<h2><span style=\"color: #000080;\"><strong><em>Cin\u00e9ma Bourgoin-Jallieu<\/em> \u00a0\u00a0 6 \u20ac<\/strong><\/span><\/h2>\n<p><span style=\"color: #000080;\"><a href=\"https:\/\/kinepolis.fr\/bienvenue-kinepolis-bourgoin-jallieu\"><span style=\"color: #0000ff;\"> https:\/\/kinepolis.fr\/bienvenue-kinepolis-bourgoin-jallieu<\/span><\/a><strong><br \/><\/strong><\/span><\/p>\n<div id=\"viewport\" class=\"ctr-p\">\u00a0<\/div>\n<h2><span style=\"color: #000080;\"><strong><em>Cin\u00e9ma Amb\u00e9rieu-en-Bugey<\/em> \u00a0 5,50 \u20ac<\/strong><\/span><\/h2>\n<p><span style=\"color: #000080;\"><a href=\"http:\/\/cinefestival.cine.allocine.fr\/infos-pratiques\/decouvrez-notre-cinema.html\"><span style=\"color: #0000ff;\"> http:\/\/cinefestival.cine.allocine.fr\/infos-pratiques\/decouvrez-notre-cinema.html<\/span><\/a><strong><br \/><\/strong><\/span><\/p>\n<div id=\"viewport\" class=\"ctr-p\">\u00a0<\/div>\n<h2><span style=\"color: #000080;\"><strong><em>Cin\u00e9ma Morestel<\/em> 4,50 \u20ac <\/strong><\/span><\/h2>\n<p><span style=\"color: #000080;\"><a href=\"http:\/\/www.morestel.com\/fr\/loisirs\/cinema\"><span style=\"color: #0000ff;\">http:\/\/www.morestel.com\/fr\/loisirs\/cinema<\/span><\/a><strong><br \/><\/strong><\/span><\/p>\n<h2><span style=\"color: #000080;\"><strong><em>Cin\u00e9ma Pont-de-Ch\u00e9ruy<\/em>\u00a0 5 \u20ac <\/strong><\/span><\/h2>\n<p><span style=\"color: #000080;\"><a href=\"http:\/\/www.cinema-varietes.com\/films-a-l-affiche\/\"><span style=\"color: #0000ff;\">http:\/\/www.cinema-varietes.com\/films-a-l-affiche\/<\/span><\/a><strong><br \/><\/strong><\/span><\/p>\n<h2><span style=\"color: #000080;\"><strong><em>Bowling Vaux-en-Bugey<\/em> \u00a0\u00a0\u00a0\u00a0\u00a0\u00a0\u00a0\u00a0\u00a0\u00a0\u00a0\u00a0\u00a0\u00a0 4,00 \u20ac\u00a0\u00a0<\/strong><\/span><\/h2>\n<h3><span style=\"color: #ff0000;\">(Attention valable pour 1 joueur)<\/span><\/h3>\n<p><span style=\"color: #ff0000;\">tous les jours <\/span><span style=\"color: #ff0000;\">d&rsquo;ouverture sans limite de validit\u00e9 sauf :<\/span><\/p>\n<p><span style=\"color: #ff0000;\"> les samedis apr\u00e8s 20 heures<\/span><\/p>\n<p><span style=\"color: #ff0000;\"> les veilles de jours feri\u00e9s apr\u00e8s 20 heures et les jours feri\u00e9s<\/span><\/p>\n<p><span style=\"color: #0000ff;\">Pour plus d&rsquo;infos cliquer sur le lien ci-dessous.<\/span><\/p>\n<p><span style=\"color: #0000ff;\"><a style=\"color: #0000ff;\" href=\"http:\/\/www.annuaire-bowling.com\/b+bowling-b-cube-a-vaux-en-bugey+20.html\"><em>www.annuaire-bowling.com\/b+bowling-b-cube-a-vaux-en-bugey+20.html<\/em><\/a><\/span><\/p>\n<div class=\"action-menu ab_ctl\">\u00a0<\/div>\n<h2><span style=\"color: #000080;\"><strong><em>Walibi Rh\u00f4ne-Alpes<\/em>\u00a0 23,00\u20ac<\/strong><\/span><\/h2>\n<h4><span style=\"color: #000080;\">Walibi Rh\u00f4ne-Alpes<\/span><\/h4>\n<h4><span style=\"color: #000080;\">1380, route de la Corneille<\/span><\/h4>\n<h4><span style=\"color: #000080;\">38630 Les Aveni\u00e8res<\/span><\/h4>\n<h4><span style=\"color: #000080;\">France<\/span><\/h4>\n<p><span style=\"color: #0000ff;\">Pour plus d&rsquo;infos cliquer sur le lien ci-dessous.<\/span><\/p>\n<p><span style=\"color: #0000ff;\"><a style=\"color: #0000ff;\" href=\"https:\/\/www.walibi.fr\/\">https:\/\/www.walibi.fr\/<\/a><\/span><\/p>\n<h2><span style=\"color: #000080;\"><strong>Le Pal (activit\u00e9 terrestre)\u00a0<\/strong><\/span><\/h2>\n<h2><span style=\"color: #000080;\"><strong>Adulte 23,00 \u20ac<\/strong><\/span><\/h2>\n<h4><span style=\"color: #342570;\">Gratuit moins d&rsquo;1 m\u00e8tre<\/span><\/h4>\n<p><span style=\"color: #000080;\"><strong>(Le Pal Parc d&rsquo;Attractions et Animalier &#8211;<\/strong><\/span><\/p>\n<p><span style=\"color: #000080;\"><strong>CS 60001 &#8211; Saint-Pour\u00e7ain-sur-Besbre<\/strong><\/span><\/p>\n<p><span style=\"color: #000080;\"><strong>03290 Dompierre-sur-Besbre) T\u00e9l\u00e9 : 04 70 42 68 10<\/strong><\/span><\/p>\n<p><span style=\"color: #0000ff;\">Pour plus d&rsquo;infos cliquer sur le lien ci-dessous.<\/span><\/p>\n<p><span style=\"color: #0000ff;\"><a style=\"color: #0000ff;\" href=\"http:\/\/www.lepal.com\/\"><em>www.lepal.com\/<\/em><\/a><\/span><\/p>\n<div class=\"action-menu ab_ctl\">\u00a0<\/div>\n<h2><span style=\"color: #000080;\"><strong>Touro-Parc (activit\u00e9 terrestre) <\/strong><\/span><\/h2>\n<h2><span style=\"color: #000080;\"><strong>Adulte 15,00 \u20ac<\/strong><\/span><\/h2>\n<p><span style=\"color: #000080;\"><strong>(Touroparc.Zoo-400 rue du Parc<\/strong><\/span><\/p>\n<p><span style=\"color: #000080;\"><strong> 71570 Romaneche Thorins) T\u00e9l\u00e9 : 03 85 35 25 14<\/strong><\/span><\/p>\n<p><span style=\"color: #0000ff;\">Pour plus d&rsquo;infos cliquer sur le lien ci-dessous.<\/span><\/p>\n<p><span style=\"color: #0000ff;\"><a style=\"color: #0000ff;\" href=\"https:\/\/www.touroparc.com\/\">https:\/\/www.touroparc.com\/<\/a><\/span><\/p>\n<h2><span style=\"color: #000080;\"><strong><em>Zoo St Martin la Plaine<\/em> : \u00a0 \u00a0 \u00a0 \u00a0 \u00a0 \u00a0\u00a0 <\/strong><\/span><\/h2>\n<h2><span style=\"color: #000080;\"><strong>adultes 11,00 \u20ac\u00a0<\/strong><\/span><\/h2>\n<h2><span style=\"color: #000080;\"><strong>Enfant de 3 \u00e0 10 ans 6,50\u20ac<\/strong><\/span><\/h2>\n<p><span style=\"color: #000080;\"><strong>(Espace Zoologique 42800 Saint-Martin-la-Plaine)<\/strong><\/span><\/p>\n<p><span style=\"color: #000080;\"><strong> t\u00e9l\u00e9 : 04 77 75 18 68<\/strong><\/span><\/p>\n<p><span style=\"color: #0000ff;\">Pour plus d&rsquo;infos cliquer sur le lien ci-dessous.<\/span><\/p>\n<p><span style=\"color: #0000ff;\"><a style=\"color: #0000ff;\" href=\"http:\/\/www.espace-zoologique.com\/infos-pratiques.html\"><em>www.espace-zoologique.com\/infos-pratiques.html<\/em><\/a><\/span><\/p>\n<p class=\"action-menu ab_ctl\"><span style=\"color: #0000ff;\">\u00a0<\/span><\/p>\n<h2><span style=\"color: #000080;\"><strong><em>Safari de Peaugres :<\/em> \u00a0\u00a0\u00a0\u00a0\u00a0\u00a0\u00a0\u00a0\u00a0\u00a0\u00a0\u00a0\u00a0\u00a0\u00a0\u00a0\u00a0\u00a0\u00a0\u00a0\u00a0 adultes 20,00 \u20ac\u00a0<\/strong><\/span><\/h2>\n<p><span style=\"color: #000080;\"><strong>(Safari de Peaugres Montanet &#8211; 07340 Peaugres)<\/strong><\/span><\/p>\n<p><span style=\"color: #ff0000;\">(<\/span><span style=\"color: #ff0000;\">ATTENTION Les Billets non valable les dimanches du mois de mai et les\u00a0 :<br \/><\/span><\/p>\n<p><span style=\"color: #ff0000;\"> 1 er mai, 8 mai, jeudi de l&rsquo;Ascension et dimanche de Pentec\u00f4te.)<\/span><\/p>\n<p><span style=\"color: #0000ff;\">Pour plus d&rsquo;infos cliquer sur le lien ci-dessous.<\/span><\/p>\n<p><span style=\"color: #0000ff;\"><a style=\"color: #0000ff;\" href=\"http:\/\/www.safari-peaugres.com\/\"><em>www.safari-peaugres.com\/<\/em><\/a><\/span><\/p>\n<div class=\"action-menu ab_ctl\">\u00a0<\/div>\n<h2><span style=\"color: #000080;\"><strong><em>Parc des oiseaux<\/em> adultes:<\/strong><\/span><\/h2>\n<h2><span style=\"color: #000080;\"><strong>Adultes\u00a0 15,00 \u20ac\u00a0<\/strong><\/span><\/h2>\n<h3>\u00a0<\/h3>\n<p><span style=\"color: #000080;\"><strong>(01330 Villars-les-Dombes)<\/strong><\/span><\/p>\n<p><span style=\"color: #0000ff;\">Pour plus d&rsquo;infos cliquer sur le lien ci-dessous.<\/span><\/p>\n<p><span style=\"color: #0000ff;\"><a style=\"color: #0000ff;\" href=\"http:\/\/www.parcdesoiseaux.com\/\"><em>www.parcdesoiseaux.com\/<\/em><\/a><\/span><\/p>\n<h2><strong><em><span style=\"color: #000080;\">Piscine Amb\u00e9rieu-en-Bugey<\/span><\/em><\/strong><\/h2>\n<h4><span style=\"color: #000080;\">Centre Aquatique Laure Manaudou<\/span><\/h4>\n<p><strong><span style=\"color: #000080;\">Tarifs adultes \u00e0 partir de 16 ans : 3 \u20ac<\/span><\/strong><\/p>\n<p><span style=\"color: #000080;\">Adresse : Centre Nautique Bugey C\u00f4ti\u00e8re<\/span><\/p>\n<p><span style=\"color: #000080;\">Espace Nautique Laure Manaudou<\/span><\/p>\n<p><span style=\"color: #000080;\">267 av Mering, 01500 Amb\u00e9rieu-En-Bugey<\/span><\/p>\n<p><span style=\"color: #000080;\">T\u00e9l\u00e9: 04 74 38 92 60<\/span><\/p>\n<p><span style=\"color: #0000ff;\">Pour plus d&rsquo;infos cliquer sur le lien ci-dessous.<\/span><\/p>\n<p><a href=\"https:\/\/www.piscine-amberieu.fr\/\">https:\/\/www.piscine-amberieu.fr\/<\/a><\/p>\n\n\n<p class=\"has-large-font-size\">Caliceo <\/p>\n\n\n\n<figure class=\"wp-block-image is-resized\"><img decoding=\"async\" src=\"https:\/\/img.grouponcdn.com\/deal\/ENQyKrPKsKDdezgvsaPbzepfe4g\/EN-1180x708\/v1\/c870x524.jpg\" alt=\"Calic\u00e9o Lyon Baln\u00e9o | spaetc.fr\" style=\"width:324px;height:195px\"\/><\/figure>\n\n\n\n<p class=\"has-text-color\" style=\"color:#1215b8;font-size:18px\">Tarifs: 16,50\u20ac  Pass 2 heures aux Bains<\/p>\n\n\n\n<p><strong>Le Pass 2 heures aux Bains vous donne acc\u00e8s :<\/strong><\/p>\n\n\n\n<ul class=\"wp-block-list\">\n<li>aux bassins chauff\u00e9s \u00e0 34\u00b0C, int\u00e9rieur et ext\u00e9rieur, et \u00e0 leurs nombreuses animations : jets massants, banquettes \u00e0 bulles, jacuzzis,&#8230;<\/li>\n\n\n\n<li>aux cascades chaudes \u00e0 38\u00b0C,<\/li>\n\n\n\n<li>\u00e0 l&rsquo;univers des hammams,<\/li>\n\n\n\n<li>au monde des saunas : sauna traditionnel, puit froid, fontaine de glace, douche seau finlandais et douche de brume,<\/li>\n\n\n\n<li>aux rituels saunas, hammams et aux siestes musicales (selon le planning du centre),<\/li>\n\n\n\n<li>\u00e0 nos terrasses ext\u00e9rieures,<\/li>\n\n\n\n<li>aux cours d&rsquo;aquagym (selon le planning du centre, sans inscription, selon disponibilit\u00e9s, nombre de places limit\u00e9es).<\/li>\n<\/ul>\n\n\n\n<p class=\"has-text-color\" style=\"color:#f70408;font-size:18px\">Billets valable dans toute la France sauf Paris<\/p>\n\n\n\n<p class=\"has-text-color\" style=\"color:#010f15;font-size:18px\">Adresse:<a rel=\"noreferrer noopener\" class=\"\" target=\"_blank\" href=\"https:\/\/www.bing.com\/ck\/a?!&amp;&amp;p=81a7de4ff0a0c7a67bb16c9858f38758ab1c73e4a9f60c4b091d0acceece93b5JmltdHM9MTc0Mjg2MDgwMA&amp;ptn=3&amp;ver=2&amp;hsh=4&amp;fclid=09daee5b-9973-6739-381b-fbed986a6689&amp;u=a1L21hcHM_Jm1lcGk9MTA5fn5Ub3BPZlBhZ2V-QWRkcmVzc19MaW5rJnR5PTE4JnE9Q2FsaWMlQzMlQTlvJnNzPXlwaWQuWU4yMDAweDY3MDY5OTA4OSZwcG9pcz00NS43MzE2NTg5MzU1NDY4NzVfNC43ODYyNzU4NjM2NDc0NjFfQ2FsaWMlQzMlQTlvX1lOMjAwMHg2NzA2OTkwODl-JmNwPTQ1LjczMTY1OX40Ljc4NjI3NiZ2PTImc1Y9MSZGT1JNPU1QU1JQTA&amp;ntb=1\">Le Plan Du Loup Angle R Doct Pra r Ste Barbe, 69110 Sainte Foy L\u00e8s Lyon<\/a>&nbsp;<\/p>\n\n\n\n<p class=\"has-text-color\" style=\"color:#100f10;font-size:20px\">T\u00e9l:<a href=\"tel:0826303669\">0 826 30 36 69<\/a><\/p>\n\n\n\n<p>Pour plus d&rsquo;infos cliquer sur le lien ci-dessous.<\/p>\n\n\n\n<p><a href=\"https:\/\/lyon.caliceo.com\/\">Espace de remise en forme aquatique et beaut\u00e9 massages | Calic\u00e9o Lyon Sainte Foy-L\u00e8s-Lyon<\/a><\/p>\n\n\n\n<p class=\"has-large-font-size\">PARC DE COURZIEU<\/p>\n\n\n\n<figure class=\"wp-block-image size-full is-resized\"><img loading=\"lazy\" decoding=\"async\" width=\"400\" height=\"400\" src=\"https:\/\/cceroset.fr\/wp-content\/uploads\/2026\/04\/image.png\" alt=\"\" class=\"wp-image-14255\" style=\"width:200px;height:auto\" srcset=\"https:\/\/cceroset.fr\/wp-content\/uploads\/2026\/04\/image.png 400w, https:\/\/cceroset.fr\/wp-content\/uploads\/2026\/04\/image-300x300.png 300w, https:\/\/cceroset.fr\/wp-content\/uploads\/2026\/04\/image-150x150.png 150w\" sizes=\"auto, (max-width: 400px) 100vw, 400px\" \/><\/figure>\n\n\n\n<figure class=\"wp-block-image size-full is-resized\"><img loading=\"lazy\" decoding=\"async\" width=\"400\" height=\"400\" src=\"https:\/\/cceroset.fr\/wp-content\/uploads\/2026\/04\/image-1.png\" alt=\"\" class=\"wp-image-14256\" style=\"width:152px;height:auto\" srcset=\"https:\/\/cceroset.fr\/wp-content\/uploads\/2026\/04\/image-1.png 400w, https:\/\/cceroset.fr\/wp-content\/uploads\/2026\/04\/image-1-300x300.png 300w, https:\/\/cceroset.fr\/wp-content\/uploads\/2026\/04\/image-1-150x150.png 150w\" sizes=\"auto, (max-width: 400px) 100vw, 400px\" \/><\/figure>\n\n\n\n<p><strong>Tarifs adultes  : 10\u20ac<\/strong><\/p>\n\n\n\n<p>Pour plus d info cliquer sur le lien ci dessous:<\/p>\n\n\n\n<p><a href=\"https:\/\/www.parc-de-courzieu.fr\/\">https:\/\/www.parc-de-courzieu.fr\/<\/a><\/p>\n\n\n\n<p><\/p>\n\n\n\n<p><\/p>\n","protected":false},"excerpt":{"rendered":"<p>\u00a0 Le CSE de Briord appliquera les m\u00eames tarifs de la billetterie pour les retrait\u00e9s sur une p\u00e9riode de 3 ans apr\u00e8s leur d\u00e9part. Tous les billets cin\u00e9ma sont limit\u00e9s \u00e0 6\/mois\/salari\u00e9s, au-del\u00e0 vente au prix coutant. Tous les billets <a class=\"more-link\" href=\"https:\/\/cceroset.fr\/?page_id=182\">Lire plus &#8230;<\/a><\/p>\n","protected":false},"author":1,"featured_media":0,"parent":0,"menu_order":0,"comment_status":"closed","ping_status":"closed","template":"","meta":{"footnotes":""},"class_list":["post-182","page","type-page","status-publish","hentry"],"_links":{"self":[{"href":"https:\/\/cceroset.fr\/index.php?rest_route=\/wp\/v2\/pages\/182","targetHints":{"allow":["GET"]}}],"collection":[{"href":"https:\/\/cceroset.fr\/index.php?rest_route=\/wp\/v2\/pages"}],"about":[{"href":"https:\/\/cceroset.fr\/index.php?rest_route=\/wp\/v2\/types\/page"}],"author":[{"embeddable":true,"href":"https:\/\/cceroset.fr\/index.php?rest_route=\/wp\/v2\/users\/1"}],"replies":[{"embeddable":true,"href":"https:\/\/cceroset.fr\/index.php?rest_route=%2Fwp%2Fv2%2Fcomments&post=182"}],"version-history":[{"count":138,"href":"https:\/\/cceroset.fr\/index.php?rest_route=\/wp\/v2\/pages\/182\/revisions"}],"predecessor-version":[{"id":14257,"href":"https:\/\/cceroset.fr\/index.php?rest_route=\/wp\/v2\/pages\/182\/revisions\/14257"}],"wp:attachment":[{"href":"https:\/\/cceroset.fr\/index.php?rest_route=%2Fwp%2Fv2%2Fmedia&parent=182"}],"curies":[{"name":"wp","href":"https:\/\/api.w.org\/{rel}","templated":true}]}}