{"id":1820,"date":"2018-10-29T18:07:25","date_gmt":"2018-10-29T17:07:25","guid":{"rendered":"http:\/\/cceroset.fr\/?page_id=1820"},"modified":"2025-10-08T06:03:02","modified_gmt":"2025-10-08T05:03:02","slug":"sete","status":"publish","type":"page","link":"https:\/\/cceroset.fr\/?page_id=1820","title":{"rendered":"S\u00e8te"},"content":{"rendered":"<p><a href=\"http:\/\/cceroset.fr\/?page_id=1829\"><span style=\"color: #3366ff;\">Photos appartement<\/span><\/a><\/p>\n<p><span style=\"color: #3366ff;\"><a style=\"color: #3366ff;\" href=\"http:\/\/cceroset.fr\/?page_id=1859\">Adresse<\/a><\/span><\/p>\n<p><a href=\"http:\/\/cceroset.fr\/wp-content\/uploads\/2024\/09\/SETE.pdf\"><span style=\"color: #3366ff;\">Info S\u00e8te<\/span><\/a><\/p>\n<p><span style=\"color: #3366ff;\"><a href=\"http:\/\/cceroset.fr\/wp-content\/uploads\/2024\/05\/inventaire-Sete-052024.pdf\"><span style=\"color: #3366ff;\">Inventaire<\/span><\/a> S\u00e8te \u00e0 imprimer<\/span><\/p>\n<p><span style=\"color: #3366ff;\"><a style=\"color: #3366ff;\" href=\"http:\/\/cceroset.fr\/wp-content\/uploads\/2018\/10\/Consigne-1.pdf\">Consigne !! (1)<\/a><\/span><\/p>\n<p><span style=\"color: #3366ff;\"><a style=\"color: #3366ff;\" href=\"http:\/\/cceroset.fr\/wp-content\/uploads\/2018\/10\/Consigne-2.pdf\">Consigne !! (2)<\/a><\/span><\/p>\n<p><span style=\"color: #3366ff;\"><a style=\"color: #3366ff;\" href=\"http:\/\/cceroset.fr\/?page_id=1922\">Office de tourisme de S\u00e8te<\/a><\/span><\/p>\n","protected":false},"excerpt":{"rendered":"<p>Photos appartement Adresse Info S\u00e8te Inventaire S\u00e8te \u00e0 imprimer Consigne !! (1) Consigne !! (2) Office de tourisme de S\u00e8te<\/p>\n","protected":false},"author":1,"featured_media":0,"parent":0,"menu_order":0,"comment_status":"closed","ping_status":"closed","template":"","meta":{"footnotes":""},"class_list":["post-1820","page","type-page","status-publish","hentry"],"_links":{"self":[{"href":"https:\/\/cceroset.fr\/index.php?rest_route=\/wp\/v2\/pages\/1820","targetHints":{"allow":["GET"]}}],"collection":[{"href":"https:\/\/cceroset.fr\/index.php?rest_route=\/wp\/v2\/pages"}],"about":[{"href":"https:\/\/cceroset.fr\/index.php?rest_route=\/wp\/v2\/types\/page"}],"author":[{"embeddable":true,"href":"https:\/\/cceroset.fr\/index.php?rest_route=\/wp\/v2\/users\/1"}],"replies":[{"embeddable":true,"href":"https:\/\/cceroset.fr\/index.php?rest_route=%2Fwp%2Fv2%2Fcomments&post=1820"}],"version-history":[{"count":32,"href":"https:\/\/cceroset.fr\/index.php?rest_route=\/wp\/v2\/pages\/1820\/revisions"}],"predecessor-version":[{"id":12855,"href":"https:\/\/cceroset.fr\/index.php?rest_route=\/wp\/v2\/pages\/1820\/revisions\/12855"}],"wp:attachment":[{"href":"https:\/\/cceroset.fr\/index.php?rest_route=%2Fwp%2Fv2%2Fmedia&parent=1820"}],"curies":[{"name":"wp","href":"https:\/\/api.w.org\/{rel}","templated":true}]}}