{"id":1842,"date":"2018-10-29T18:44:47","date_gmt":"2018-10-29T17:44:47","guid":{"rendered":"http:\/\/cceroset.fr\/?page_id=1842"},"modified":"2018-10-29T18:47:58","modified_gmt":"2018-10-29T17:47:58","slug":"vivre-en-bon-voisinage-2","status":"publish","type":"page","link":"https:\/\/cceroset.fr\/?page_id=1842","title":{"rendered":"Vivre en bon voisinage"},"content":{"rendered":"<h1><em><span style=\"color: #000000;\"><strong>Vivre en bon voisinage<\/strong><\/span><\/em><\/h1>\n<h2><em><span style=\"color: #000000;\"><strong>La qualit\u00e9 de la vie d\u00e9pend de la bonne volont\u00e9 de chacun. L\u2019observation de quelques r\u00e8gles permettra \u00e0 chacun de se sentir bien dans son logement et dans son environnement\u2026<\/strong><\/span><\/em><\/h2>\n<h2><em><span style=\"color: #000000;\"><strong>LE BRUIT\u00a0:<\/strong><\/span><\/em><\/h2>\n<h2><span style=\"color: #000000;\">Les bruits g\u00eanent non seulement la nuit (entre 22 heures et 7 heures du matin) mais \u00e9galement dans la journ\u00e9e, car les voisins peuvent \u00eatre souffrants ou astreints \u00e0 des horaires de travail et de repos particuliers.<\/span><\/h2>\n<h2><span style=\"color: #000000;\">Les sources de bruit sont nombreuses.<\/span><\/h2>\n<h2><span style=\"color: #000000;\">Faites particuli\u00e8rement attention \u00e0 celles qui causent le plus fr\u00e9quemment des troubles de jouissance :<\/span><\/h2>\n<ul>\n<li>\n<h2><span style=\"color: #000000;\">Radio, t\u00e9l\u00e9vision, cha\u00eene st\u00e9r\u00e9o, utilis\u00e9es avec un volume sonore excessif<\/span><\/h2>\n<\/li>\n<li>\n<h2><span style=\"color: #000000;\">Bruits d&rsquo;occupation divers : claquements de portes et de talons, battement de fen\u00eatres et volets mal ferm\u00e9s, d\u00e9placements de chaises etc.\u2026<\/span><\/h2>\n<\/li>\n<li>\n<h2><span style=\"color: #000000;\">Jeux d&rsquo;enfants dans les escaliers, halls et paliers ainsi que dans les entr\u00e9es et parties communes sont interdits.<\/span><\/h2>\n<\/li>\n<\/ul>\n<h2><span style=\"color: #000000;\">Merci.<\/span><\/h2>\n<h2><span style=\"color: #000000;\">Le CCE Roset.<\/span><\/h2>\n","protected":false},"excerpt":{"rendered":"<p>Vivre en bon voisinage La qualit\u00e9 de la vie d\u00e9pend de la bonne volont\u00e9 de chacun. L\u2019observation de quelques r\u00e8gles permettra \u00e0 chacun de se sentir bien dans son logement et dans son environnement\u2026 LE BRUIT\u00a0: Les bruits g\u00eanent non <a class=\"more-link\" href=\"https:\/\/cceroset.fr\/?page_id=1842\">Lire plus &#8230;<\/a><\/p>\n","protected":false},"author":1,"featured_media":0,"parent":0,"menu_order":0,"comment_status":"closed","ping_status":"closed","template":"","meta":{"footnotes":""},"class_list":["post-1842","page","type-page","status-publish","hentry"],"_links":{"self":[{"href":"https:\/\/cceroset.fr\/index.php?rest_route=\/wp\/v2\/pages\/1842","targetHints":{"allow":["GET"]}}],"collection":[{"href":"https:\/\/cceroset.fr\/index.php?rest_route=\/wp\/v2\/pages"}],"about":[{"href":"https:\/\/cceroset.fr\/index.php?rest_route=\/wp\/v2\/types\/page"}],"author":[{"embeddable":true,"href":"https:\/\/cceroset.fr\/index.php?rest_route=\/wp\/v2\/users\/1"}],"replies":[{"embeddable":true,"href":"https:\/\/cceroset.fr\/index.php?rest_route=%2Fwp%2Fv2%2Fcomments&post=1842"}],"version-history":[{"count":5,"href":"https:\/\/cceroset.fr\/index.php?rest_route=\/wp\/v2\/pages\/1842\/revisions"}],"predecessor-version":[{"id":1848,"href":"https:\/\/cceroset.fr\/index.php?rest_route=\/wp\/v2\/pages\/1842\/revisions\/1848"}],"wp:attachment":[{"href":"https:\/\/cceroset.fr\/index.php?rest_route=%2Fwp%2Fv2%2Fmedia&parent=1842"}],"curies":[{"name":"wp","href":"https:\/\/api.w.org\/{rel}","templated":true}]}}