{"id":1859,"date":"2018-10-31T15:58:50","date_gmt":"2018-10-31T14:58:50","guid":{"rendered":"http:\/\/cceroset.fr\/?page_id=1859"},"modified":"2018-11-26T18:18:00","modified_gmt":"2018-11-26T17:18:00","slug":"adresse-sete","status":"publish","type":"page","link":"https:\/\/cceroset.fr\/?page_id=1859","title":{"rendered":"Adresse S\u00e8te"},"content":{"rendered":"<h4><span style=\"color: #000000;\">Entr\u00e9e de la r\u00e9sidence :<\/span><\/h4>\n<h4><span style=\"color: #000000;\">Place du Port St Clair<\/span><\/h4>\n<h4><span style=\"color: #000000;\">Rive droite<\/span><\/h4>\n<h4><span style=\"color: #000000;\">34200 S\u00e8te<\/span><\/h4>\n<h4><span style=\"color: #000000;\">Coordonn\u00e9es GPS : 43.394916 &#8211; 3.661015<\/span><\/h4>\n<h4><span style=\"color: #000000;\">L&rsquo;ent\u00e9e est le portail \u00e9lectrique se trouvant devant vous.<\/span><\/h4>\n<h4><span style=\"color: #000000;\">Appart 146, 3\u00e8me \u00e9tage, par escalier uniquement.<\/span><\/h4>\n<h4><span style=\"color: #000000;\">Place de parking N\u00b0 41<\/span><\/h4>\n<div id=\"attachment_1818\" style=\"width: 630px\" class=\"wp-caption alignnone\"><a href=\"http:\/\/cceroset.fr\/wp-content\/uploads\/2018\/10\/Photos-S\u00e8te-14.jpg\"><img loading=\"lazy\" decoding=\"async\" aria-describedby=\"caption-attachment-1818\" class=\"size-large wp-image-1818\" src=\"http:\/\/cceroset.fr\/wp-content\/uploads\/2018\/10\/Photos-S\u00e8te-14-1024x768.jpg\" alt=\"\" width=\"620\" height=\"465\" srcset=\"https:\/\/cceroset.fr\/wp-content\/uploads\/2018\/10\/Photos-S\u00e8te-14-1024x768.jpg 1024w, https:\/\/cceroset.fr\/wp-content\/uploads\/2018\/10\/Photos-S\u00e8te-14-300x225.jpg 300w, https:\/\/cceroset.fr\/wp-content\/uploads\/2018\/10\/Photos-S\u00e8te-14-768x576.jpg 768w\" sizes=\"auto, (max-width: 620px) 100vw, 620px\" \/><\/a><p id=\"caption-attachment-1818\" class=\"wp-caption-text\">RICOH IMAGING<\/p><\/div>\n<p>&nbsp;<\/p>\n<p>&nbsp;<\/p>\n","protected":false},"excerpt":{"rendered":"<p>Entr\u00e9e de la r\u00e9sidence : Place du Port St Clair Rive droite 34200 S\u00e8te Coordonn\u00e9es GPS : 43.394916 &#8211; 3.661015 L&rsquo;ent\u00e9e est le portail \u00e9lectrique se trouvant devant vous. Appart 146, 3\u00e8me \u00e9tage, par escalier uniquement. Place de parking N\u00b0 <a class=\"more-link\" href=\"https:\/\/cceroset.fr\/?page_id=1859\">Lire plus &#8230;<\/a><\/p>\n","protected":false},"author":1,"featured_media":0,"parent":0,"menu_order":0,"comment_status":"closed","ping_status":"closed","template":"","meta":{"footnotes":""},"class_list":["post-1859","page","type-page","status-publish","hentry"],"_links":{"self":[{"href":"https:\/\/cceroset.fr\/index.php?rest_route=\/wp\/v2\/pages\/1859","targetHints":{"allow":["GET"]}}],"collection":[{"href":"https:\/\/cceroset.fr\/index.php?rest_route=\/wp\/v2\/pages"}],"about":[{"href":"https:\/\/cceroset.fr\/index.php?rest_route=\/wp\/v2\/types\/page"}],"author":[{"embeddable":true,"href":"https:\/\/cceroset.fr\/index.php?rest_route=\/wp\/v2\/users\/1"}],"replies":[{"embeddable":true,"href":"https:\/\/cceroset.fr\/index.php?rest_route=%2Fwp%2Fv2%2Fcomments&post=1859"}],"version-history":[{"count":5,"href":"https:\/\/cceroset.fr\/index.php?rest_route=\/wp\/v2\/pages\/1859\/revisions"}],"predecessor-version":[{"id":1985,"href":"https:\/\/cceroset.fr\/index.php?rest_route=\/wp\/v2\/pages\/1859\/revisions\/1985"}],"wp:attachment":[{"href":"https:\/\/cceroset.fr\/index.php?rest_route=%2Fwp%2Fv2%2Fmedia&parent=1859"}],"curies":[{"name":"wp","href":"https:\/\/api.w.org\/{rel}","templated":true}]}}