{"id":546,"date":"2017-05-23T14:45:56","date_gmt":"2017-05-23T13:45:56","guid":{"rendered":"http:\/\/cceroset.fr\/?page_id=546"},"modified":"2020-03-16T14:32:48","modified_gmt":"2020-03-16T13:32:48","slug":"definition-comite-central-dentreprise-2","status":"publish","type":"page","link":"https:\/\/cceroset.fr\/?page_id=546","title":{"rendered":"D\u00e9finition Comit\u00e9 central d&rsquo;entreprise"},"content":{"rendered":"<h4><span style=\"color: #000080;\">Le comit\u00e9 central d\u2019entreprise (CSEC) est l\u2019institution repr\u00e9sentative du personnel instaur\u00e9e dans une entreprise \u00e0 \u00e9tablissements multiples. Il r\u00e9unit les repr\u00e9sentants \u00e9lus des diff\u00e9rents comit\u00e9s d\u2019\u00e9tablissement. Le CSE Central d\u2019entreprise a des fonctions apparent\u00e9es \u00e0 celles du CSE d\u2019entreprise, adapt\u00e9es \u00e0 la configuration d\u2019une telle soci\u00e9t\u00e9. Ces fonctions, ainsi que le nombre des repr\u00e9sentants, leur mode de d\u00e9signation, la fr\u00e9quence et l\u2019objet des r\u00e9unions p\u00e9riodiques, sont pr\u00e9cis\u00e9s par la r\u00e9glementation.<\/span><\/h4>\n<h4><span style=\"color: #000080;\">Lorsque le CSEC et les CSE d\u2019\u00e9tablissement doivent \u00eatre consult\u00e9s, les avis de ces comit\u00e9s sont transmis au CSEC.<\/span><\/h4>\n","protected":false},"excerpt":{"rendered":"<p>Le comit\u00e9 central d\u2019entreprise (CSEC) est l\u2019institution repr\u00e9sentative du personnel instaur\u00e9e dans une entreprise \u00e0 \u00e9tablissements multiples. Il r\u00e9unit les repr\u00e9sentants \u00e9lus des diff\u00e9rents comit\u00e9s d\u2019\u00e9tablissement. Le CSE Central d\u2019entreprise a des fonctions apparent\u00e9es \u00e0 celles du CSE d\u2019entreprise, adapt\u00e9es <a class=\"more-link\" href=\"https:\/\/cceroset.fr\/?page_id=546\">Lire plus &#8230;<\/a><\/p>\n","protected":false},"author":1,"featured_media":0,"parent":0,"menu_order":0,"comment_status":"closed","ping_status":"closed","template":"","meta":{"footnotes":""},"class_list":["post-546","page","type-page","status-publish","hentry"],"_links":{"self":[{"href":"https:\/\/cceroset.fr\/index.php?rest_route=\/wp\/v2\/pages\/546","targetHints":{"allow":["GET"]}}],"collection":[{"href":"https:\/\/cceroset.fr\/index.php?rest_route=\/wp\/v2\/pages"}],"about":[{"href":"https:\/\/cceroset.fr\/index.php?rest_route=\/wp\/v2\/types\/page"}],"author":[{"embeddable":true,"href":"https:\/\/cceroset.fr\/index.php?rest_route=\/wp\/v2\/users\/1"}],"replies":[{"embeddable":true,"href":"https:\/\/cceroset.fr\/index.php?rest_route=%2Fwp%2Fv2%2Fcomments&post=546"}],"version-history":[{"count":3,"href":"https:\/\/cceroset.fr\/index.php?rest_route=\/wp\/v2\/pages\/546\/revisions"}],"predecessor-version":[{"id":3117,"href":"https:\/\/cceroset.fr\/index.php?rest_route=\/wp\/v2\/pages\/546\/revisions\/3117"}],"wp:attachment":[{"href":"https:\/\/cceroset.fr\/index.php?rest_route=%2Fwp%2Fv2%2Fmedia&parent=546"}],"curies":[{"name":"wp","href":"https:\/\/api.w.org\/{rel}","templated":true}]}}