{"id":558,"date":"2017-05-23T15:13:02","date_gmt":"2017-05-23T14:13:02","guid":{"rendered":"http:\/\/cceroset.fr\/?page_id=558"},"modified":"2026-03-26T14:50:58","modified_gmt":"2026-03-26T13:50:58","slug":"info-appartements","status":"publish","type":"page","link":"https:\/\/cceroset.fr\/?page_id=558","title":{"rendered":"Info appartements"},"content":{"rendered":"<p><a href=\"http:\/\/cceroset.fr\/?page_id=81\">Liste des appartements et disponibilit\u00e9s<\/a><\/p>\n<ul>\n<li><a href=\"http:\/\/cceroset.fr\/?page_id=1426\">Info<\/a><\/li>\n<li><a href=\"http:\/\/cceroset.fr\/?page_id=1756\">Objets trouv\u00e9s<\/a><\/li>\n<li><a href=\"http:\/\/cceroset.fr\/?page_id=647\">Th\u00f4nes<\/a><\/li>\n<li><a href=\"http:\/\/cceroset.fr\/?page_id=1184\">Les 2 Alpes<\/a><\/li>\n<li><a href=\"http:\/\/cceroset.fr\/?page_id=1820\">S\u00e8te<\/a><\/li>\n<li><a href=\"http:\/\/cceroset.fr\/?page_id=3657\">Ard\u00e8che Le Rouret<\/a><\/li>\n<li><a href=\"http:\/\/cceroset.fr\/wp-content\/uploads\/2025\/02\/Reglement-interieur-10022025.pdf\">R\u00e8glement int\u00e9rieur <\/a><\/li>\n<\/ul>\n<h2><strong><span style=\"color: #ff0000;\"><em>RAPPEL:<\/em><\/span><\/strong><\/h2>\n<h2><span style=\"color: #ff0000;\"><strong>&#8211; Bien respecter les horaires d\u2019entr\u00e9e et de sortie du logement<\/strong><\/span><\/h2>\n<h2><strong><span style=\"color: #ff0000;\">P\u00e9riode de cong\u00e9s d&rsquo;\u00e9t\u00e9: 4 nuit\u00e9es maxi\u00a0 pour les salari\u00e9s actifs.<\/span><\/strong><\/h2>\n<h3><strong><span style=\"color: #ff0000;\">R\u00e9servation WEEK-END=&gt; 2 nuits minimum.<\/span><\/strong><\/h3>\n<h2><span style=\"color: #ff0000;\"><strong><br \/>\n<\/strong> <\/span><\/h2>\n<h2><\/h2>\n","protected":false},"excerpt":{"rendered":"<p>Liste des appartements et disponibilit\u00e9s Info Objets trouv\u00e9s Th\u00f4nes Les 2 Alpes S\u00e8te Ard\u00e8che Le Rouret R\u00e8glement int\u00e9rieur RAPPEL: &#8211; Bien respecter les horaires d\u2019entr\u00e9e et de sortie du logement P\u00e9riode de cong\u00e9s d&rsquo;\u00e9t\u00e9: 4 nuit\u00e9es maxi\u00a0 pour les salari\u00e9s <a class=\"more-link\" href=\"https:\/\/cceroset.fr\/?page_id=558\">Lire plus &#8230;<\/a><\/p>\n","protected":false},"author":1,"featured_media":0,"parent":0,"menu_order":0,"comment_status":"closed","ping_status":"closed","template":"","meta":{"footnotes":""},"class_list":["post-558","page","type-page","status-publish","hentry"],"_links":{"self":[{"href":"https:\/\/cceroset.fr\/index.php?rest_route=\/wp\/v2\/pages\/558","targetHints":{"allow":["GET"]}}],"collection":[{"href":"https:\/\/cceroset.fr\/index.php?rest_route=\/wp\/v2\/pages"}],"about":[{"href":"https:\/\/cceroset.fr\/index.php?rest_route=\/wp\/v2\/types\/page"}],"author":[{"embeddable":true,"href":"https:\/\/cceroset.fr\/index.php?rest_route=\/wp\/v2\/users\/1"}],"replies":[{"embeddable":true,"href":"https:\/\/cceroset.fr\/index.php?rest_route=%2Fwp%2Fv2%2Fcomments&post=558"}],"version-history":[{"count":54,"href":"https:\/\/cceroset.fr\/index.php?rest_route=\/wp\/v2\/pages\/558\/revisions"}],"predecessor-version":[{"id":14198,"href":"https:\/\/cceroset.fr\/index.php?rest_route=\/wp\/v2\/pages\/558\/revisions\/14198"}],"wp:attachment":[{"href":"https:\/\/cceroset.fr\/index.php?rest_route=%2Fwp%2Fv2%2Fmedia&parent=558"}],"curies":[{"name":"wp","href":"https:\/\/api.w.org\/{rel}","templated":true}]}}