{"id":585,"date":"2017-05-29T16:11:56","date_gmt":"2017-05-29T15:11:56","guid":{"rendered":"http:\/\/cceroset.fr\/?page_id=585"},"modified":"2018-11-01T11:17:29","modified_gmt":"2018-11-01T10:17:29","slug":"role-du-delegue-du-personnel","status":"publish","type":"page","link":"https:\/\/cceroset.fr\/?page_id=585","title":{"rendered":"R\u00f4le du d\u00e9l\u00e9gu\u00e9 du personnel"},"content":{"rendered":"<p><span style=\"color: #0000ff;\"><strong>R\u00f4le du d\u00e9l\u00e9gu\u00e9 du personnel<\/strong><\/span><\/p>\n<p><span style=\"color: #0000ff;\">Les missions d\u2019un <strong>d\u00e9l\u00e9gu\u00e9 du personnel<\/strong> ou <strong>DP<\/strong> consistent \u00e0 :<\/span><\/p>\n<p><span style=\"color: #0000ff;\">1) Repr\u00e9senter le personnel aupr\u00e8s de l&#8217;employeur et lui faire part des r\u00e9clamations individuelles ou collectives concernant l&rsquo;<strong>application de la r\u00e9glementation du travail<\/strong> (Code du travail, convention collective et \u00e9ventuels accords d&rsquo;entreprise, salaires, dur\u00e9e du travail, hygi\u00e8ne et s\u00e9curit\u00e9). Les d\u00e9l\u00e9gu\u00e9s du personnel remplissent g\u00e9n\u00e9ralement cette mission lors de r\u00e9unions mensuelles avec l&#8217;employeur.<\/span><\/p>\n<p><span style=\"color: #0000ff;\">2) Saisir l&rsquo;inspecteur du travail de tout probl\u00e8me d&rsquo;application du droit du travail. Les d\u00e9l\u00e9gu\u00e9s sont les interlocuteurs privil\u00e9gi\u00e9s de l&rsquo;inspecteur du travail et peuvent l&rsquo;accompagner lors de ses visites dans l&rsquo;entreprise.<\/span><\/p>\n<p><span style=\"color: #0000ff;\">3) Faire des <strong>suggestions sur l&rsquo;organisation g\u00e9n\u00e9rale de l&rsquo;entreprise<\/strong>.<\/span><\/p>\n<p><span style=\"color: #0000ff;\">4) Assister les salari\u00e9s qui en font la demande lors de leurs entretiens avec l&#8217;employeur (entretien pr\u00e9alable au licenciement par exemple), pour favoriser la conciliation entre les deux parties et, \u00e9ventuellement, apporter leur t\u00e9moignage en justice.<\/span><\/p>\n","protected":false},"excerpt":{"rendered":"<p>R\u00f4le du d\u00e9l\u00e9gu\u00e9 du personnel Les missions d\u2019un d\u00e9l\u00e9gu\u00e9 du personnel ou DP consistent \u00e0 : 1) Repr\u00e9senter le personnel aupr\u00e8s de l&#8217;employeur et lui faire part des r\u00e9clamations individuelles ou collectives concernant l&rsquo;application de la r\u00e9glementation du travail (Code <a class=\"more-link\" href=\"https:\/\/cceroset.fr\/?page_id=585\">Lire plus &#8230;<\/a><\/p>\n","protected":false},"author":1,"featured_media":0,"parent":0,"menu_order":0,"comment_status":"closed","ping_status":"closed","template":"","meta":{"footnotes":""},"class_list":["post-585","page","type-page","status-publish","hentry"],"_links":{"self":[{"href":"https:\/\/cceroset.fr\/index.php?rest_route=\/wp\/v2\/pages\/585","targetHints":{"allow":["GET"]}}],"collection":[{"href":"https:\/\/cceroset.fr\/index.php?rest_route=\/wp\/v2\/pages"}],"about":[{"href":"https:\/\/cceroset.fr\/index.php?rest_route=\/wp\/v2\/types\/page"}],"author":[{"embeddable":true,"href":"https:\/\/cceroset.fr\/index.php?rest_route=\/wp\/v2\/users\/1"}],"replies":[{"embeddable":true,"href":"https:\/\/cceroset.fr\/index.php?rest_route=%2Fwp%2Fv2%2Fcomments&post=585"}],"version-history":[{"count":4,"href":"https:\/\/cceroset.fr\/index.php?rest_route=\/wp\/v2\/pages\/585\/revisions"}],"predecessor-version":[{"id":1880,"href":"https:\/\/cceroset.fr\/index.php?rest_route=\/wp\/v2\/pages\/585\/revisions\/1880"}],"wp:attachment":[{"href":"https:\/\/cceroset.fr\/index.php?rest_route=%2Fwp%2Fv2%2Fmedia&parent=585"}],"curies":[{"name":"wp","href":"https:\/\/api.w.org\/{rel}","templated":true}]}}