{"id":594,"date":"2017-05-29T16:35:50","date_gmt":"2017-05-29T15:35:50","guid":{"rendered":"http:\/\/cceroset.fr\/?page_id=594"},"modified":"2026-03-23T14:36:03","modified_gmt":"2026-03-23T13:36:03","slug":"vente-de-sirops","status":"publish","type":"page","link":"https:\/\/cceroset.fr\/?page_id=594","title":{"rendered":"Vente de sirops"},"content":{"rendered":"\n<figure class=\"wp-block-gallery has-nested-images columns-default is-cropped wp-block-gallery-1 is-layout-flex wp-block-gallery-is-layout-flex\">\n<figure class=\"wp-block-image size-large\"><img loading=\"lazy\" decoding=\"async\" width=\"552\" height=\"779\" data-id=\"14145\" src=\"https:\/\/cceroset.fr\/wp-content\/uploads\/2026\/03\/commande-juin2026.png\" alt=\"\" class=\"wp-image-14145\" srcset=\"https:\/\/cceroset.fr\/wp-content\/uploads\/2026\/03\/commande-juin2026.png 552w, https:\/\/cceroset.fr\/wp-content\/uploads\/2026\/03\/commande-juin2026-213x300.png 213w, https:\/\/cceroset.fr\/wp-content\/uploads\/2026\/03\/commande-juin2026-544x768.png 544w\" sizes=\"auto, (max-width: 552px) 100vw, 552px\" \/><\/figure>\n<\/figure>\n\n\n<h2><span style=\"color: #0000ff;\">Commande group\u00e9e produits Bigallet<\/span><\/h2>\n<h3><em><strong><span style=\"color: #0000ff;\">Si vous \u00eates int\u00e9ress\u00e9s, vous pouvez venir retirer <\/span><\/strong><\/em><\/h3>\n<h3><em><strong><span style=\"color: #0000ff;\">un bon de commande (liste des produits + tarifs 2026)<\/span><\/strong><\/em><\/h3>\n<h3><em><strong><span style=\"color: #0000ff;\">au comit\u00e9 d&rsquo;\u00e9tablissement de Briord<\/span><\/strong><\/em><\/h3>\n<p><strong>Bon de commande individuel 2026:<\/strong><\/p>\n<p><a href=\"http:\/\/cceroset.fr\/wp-content\/uploads\/2026\/02\/Bon-de-commande2026.pdf\">http:\/\/cceroset.fr\/wp-content\/uploads\/2026\/01\/bon-de-commande.pdf<\/a><\/p>\n\n\n<p><\/p>\n","protected":false},"excerpt":{"rendered":"<p>Commande group\u00e9e produits Bigallet Si vous \u00eates int\u00e9ress\u00e9s, vous pouvez venir retirer un bon de commande (liste des produits + tarifs 2026) au comit\u00e9 d&rsquo;\u00e9tablissement de Briord Bon de commande individuel 2026: http:\/\/cceroset.fr\/wp-content\/uploads\/2026\/01\/bon-de-commande.pdf<\/p>\n","protected":false},"author":1,"featured_media":0,"parent":0,"menu_order":0,"comment_status":"closed","ping_status":"closed","template":"","meta":{"footnotes":""},"class_list":["post-594","page","type-page","status-publish","hentry"],"_links":{"self":[{"href":"https:\/\/cceroset.fr\/index.php?rest_route=\/wp\/v2\/pages\/594","targetHints":{"allow":["GET"]}}],"collection":[{"href":"https:\/\/cceroset.fr\/index.php?rest_route=\/wp\/v2\/pages"}],"about":[{"href":"https:\/\/cceroset.fr\/index.php?rest_route=\/wp\/v2\/types\/page"}],"author":[{"embeddable":true,"href":"https:\/\/cceroset.fr\/index.php?rest_route=\/wp\/v2\/users\/1"}],"replies":[{"embeddable":true,"href":"https:\/\/cceroset.fr\/index.php?rest_route=%2Fwp%2Fv2%2Fcomments&post=594"}],"version-history":[{"count":72,"href":"https:\/\/cceroset.fr\/index.php?rest_route=\/wp\/v2\/pages\/594\/revisions"}],"predecessor-version":[{"id":14168,"href":"https:\/\/cceroset.fr\/index.php?rest_route=\/wp\/v2\/pages\/594\/revisions\/14168"}],"wp:attachment":[{"href":"https:\/\/cceroset.fr\/index.php?rest_route=%2Fwp%2Fv2%2Fmedia&parent=594"}],"curies":[{"name":"wp","href":"https:\/\/api.w.org\/{rel}","templated":true}]}}