{"id":6246,"date":"2022-04-21T14:00:07","date_gmt":"2022-04-21T13:00:07","guid":{"rendered":"http:\/\/cceroset.fr\/?page_id=6246"},"modified":"2025-06-16T18:33:05","modified_gmt":"2025-06-16T17:33:05","slug":"arbre-de-noel-2022","status":"publish","type":"page","link":"https:\/\/cceroset.fr\/?page_id=6246","title":{"rendered":"Arbre de No\u00ebl 2025"},"content":{"rendered":"\n<p><\/p>\n\n\n\n<figure class=\"wp-block-gallery columns-1 is-cropped wp-block-gallery-1 is-layout-flex wp-block-gallery-is-layout-flex\"><ul class=\"blocks-gallery-grid\"><li class=\"blocks-gallery-item\"><figure><img loading=\"lazy\" decoding=\"async\" width=\"412\" height=\"588\" src=\"https:\/\/cceroset.fr\/wp-content\/uploads\/2025\/06\/abre-de-noel-2025.png\" alt=\"\" data-id=\"12408\" data-full-url=\"https:\/\/cceroset.fr\/wp-content\/uploads\/2025\/06\/abre-de-noel-2025.png\" data-link=\"https:\/\/cceroset.fr\/?attachment_id=12408#main\" class=\"wp-image-12408\" srcset=\"https:\/\/cceroset.fr\/wp-content\/uploads\/2025\/06\/abre-de-noel-2025.png 412w, https:\/\/cceroset.fr\/wp-content\/uploads\/2025\/06\/abre-de-noel-2025-210x300.png 210w\" sizes=\"auto, (max-width: 412px) 100vw, 412px\" \/><\/figure><\/li><\/ul><\/figure>\n\n\n\n<p style=\"font-size:35px\"><span style=\"color:#ff0004\" class=\"has-inline-color\"><strong>Les inscriptions sont a rendre au local du CSE avec le R\u00e8glement<\/strong><\/span>.<\/p>\n\n\n\n<p style=\"font-size:25px\">Spectacle et arbre de no\u00ebl ouvert \u00e0 tous <\/p>\n\n\n\n<p style=\"font-size:25px\"> <\/p>\n\n\n\n<p><img decoding=\"async\" width=\"540\" src=\"blob:https:\/\/cceroset.fr\/2efbcb76-4fd3-4bf7-ba05-1410710737ae\"><\/p>\n\n\n\n<p> <strong>Lien ci-dessous<\/strong>:<\/p>\n\n\n\n<p><a href=\"http:\/\/cceroset.fr\/wp-content\/uploads\/2025\/06\/plaquette-aincroyable-noel.pdf\">http:\/\/cceroset.fr\/wp-content\/uploads\/2025\/06\/plaquette-aincroyable-noel.pdf<\/a><\/p>\n\n\n\n<p><\/p>\n\n\n\n<p><a href=\"https:\/\/aincroyable-noel.fr\/?utm_source=brevo&amp;utm_campaign=ACN%202025%20-%20Relance%20gnrale%20mars&amp;utm_medium=email\">Ain&rsquo;croyable No\u00ebl 2025 : Spectacle F\u00e9\u00e9rique<\/a><\/p>\n\n\n\n<p style=\"font-size:30px\">RDV <strong>Ain&rsquo;croyable no\u00ebl <\/strong>le Dimanche 7 D\u00e9cembre 2025 \u00e0 13h30 pour le spectacle suivie de l&rsquo;arbre de no\u00ebl \u00e0 15H.<\/p>\n\n\n\n<p><\/p>\n\n\n\n<p><\/p>\n","protected":false},"excerpt":{"rendered":"<p>Les inscriptions sont a rendre au local du CSE avec le R\u00e8glement. Spectacle et arbre de no\u00ebl ouvert \u00e0 tous Lien ci-dessous: http:\/\/cceroset.fr\/wp-content\/uploads\/2025\/06\/plaquette-aincroyable-noel.pdf Ain&rsquo;croyable No\u00ebl 2025 : Spectacle F\u00e9\u00e9rique RDV Ain&rsquo;croyable no\u00ebl le Dimanche 7 D\u00e9cembre 2025 \u00e0 13h30 pour <a class=\"more-link\" href=\"https:\/\/cceroset.fr\/?page_id=6246\">Lire plus &#8230;<\/a><\/p>\n","protected":false},"author":1,"featured_media":0,"parent":0,"menu_order":0,"comment_status":"closed","ping_status":"closed","template":"","meta":{"footnotes":""},"class_list":["post-6246","page","type-page","status-publish","hentry"],"_links":{"self":[{"href":"https:\/\/cceroset.fr\/index.php?rest_route=\/wp\/v2\/pages\/6246","targetHints":{"allow":["GET"]}}],"collection":[{"href":"https:\/\/cceroset.fr\/index.php?rest_route=\/wp\/v2\/pages"}],"about":[{"href":"https:\/\/cceroset.fr\/index.php?rest_route=\/wp\/v2\/types\/page"}],"author":[{"embeddable":true,"href":"https:\/\/cceroset.fr\/index.php?rest_route=\/wp\/v2\/users\/1"}],"replies":[{"embeddable":true,"href":"https:\/\/cceroset.fr\/index.php?rest_route=%2Fwp%2Fv2%2Fcomments&post=6246"}],"version-history":[{"count":33,"href":"https:\/\/cceroset.fr\/index.php?rest_route=\/wp\/v2\/pages\/6246\/revisions"}],"predecessor-version":[{"id":12418,"href":"https:\/\/cceroset.fr\/index.php?rest_route=\/wp\/v2\/pages\/6246\/revisions\/12418"}],"wp:attachment":[{"href":"https:\/\/cceroset.fr\/index.php?rest_route=%2Fwp%2Fv2%2Fmedia&parent=6246"}],"curies":[{"name":"wp","href":"https:\/\/api.w.org\/{rel}","templated":true}]}}