{"id":647,"date":"2017-05-30T15:34:22","date_gmt":"2017-05-30T14:34:22","guid":{"rendered":"http:\/\/cceroset.fr\/?page_id=647"},"modified":"2024-10-22T09:42:21","modified_gmt":"2024-10-22T08:42:21","slug":"thone","status":"publish","type":"page","link":"https:\/\/cceroset.fr\/?page_id=647","title":{"rendered":"Th\u00f4nes"},"content":{"rendered":"<ul>\n<li><a href=\"http:\/\/cceroset.fr\/?page_id=777\">Adresse<\/a><\/li>\n<li><a href=\"http:\/\/cceroset.fr\/wp-content\/uploads\/2024\/10\/Inventaire-Thones-Mise-a-jour-18-10-2024.pdf\">Inventaire Th\u00f4nes<\/a><\/li>\n<li><a href=\"http:\/\/cceroset.fr\/?page_id=825\">Photos<\/a><\/li>\n<li><a href=\"http:\/\/www.thones-valsulens.com\/\">Office de Tourisme Th\u00f4nes Val-Sulens<\/a><\/li>\n<li><a href=\"http:\/\/www.thones-valsulens.com\/fr\/activites-loisirs\/montagne\/...\/sitra-randonnees.htm\">Randonn\u00e9e Aravis \/ Th\u00f4nes<\/a><\/li>\n<li><a href=\"http:\/\/cceroset.fr\/wp-content\/uploads\/2024\/09\/Info-Thones.pdf\">info Th\u00f4nes<\/a><\/li>\n<\/ul>\n\n\n<p><\/p>\n","protected":false},"excerpt":{"rendered":"<p>Adresse Inventaire Th\u00f4nes Photos Office de Tourisme Th\u00f4nes Val-Sulens Randonn\u00e9e Aravis \/ Th\u00f4nes info Th\u00f4nes<\/p>\n","protected":false},"author":1,"featured_media":0,"parent":0,"menu_order":0,"comment_status":"closed","ping_status":"closed","template":"","meta":{"footnotes":""},"class_list":["post-647","page","type-page","status-publish","hentry"],"_links":{"self":[{"href":"https:\/\/cceroset.fr\/index.php?rest_route=\/wp\/v2\/pages\/647","targetHints":{"allow":["GET"]}}],"collection":[{"href":"https:\/\/cceroset.fr\/index.php?rest_route=\/wp\/v2\/pages"}],"about":[{"href":"https:\/\/cceroset.fr\/index.php?rest_route=\/wp\/v2\/types\/page"}],"author":[{"embeddable":true,"href":"https:\/\/cceroset.fr\/index.php?rest_route=\/wp\/v2\/users\/1"}],"replies":[{"embeddable":true,"href":"https:\/\/cceroset.fr\/index.php?rest_route=%2Fwp%2Fv2%2Fcomments&post=647"}],"version-history":[{"count":63,"href":"https:\/\/cceroset.fr\/index.php?rest_route=\/wp\/v2\/pages\/647\/revisions"}],"predecessor-version":[{"id":10806,"href":"https:\/\/cceroset.fr\/index.php?rest_route=\/wp\/v2\/pages\/647\/revisions\/10806"}],"wp:attachment":[{"href":"https:\/\/cceroset.fr\/index.php?rest_route=%2Fwp%2Fv2%2Fmedia&parent=647"}],"curies":[{"name":"wp","href":"https:\/\/api.w.org\/{rel}","templated":true}]}}