{"id":777,"date":"2017-06-01T13:25:48","date_gmt":"2017-06-01T12:25:48","guid":{"rendered":"http:\/\/cceroset.fr\/?page_id=777"},"modified":"2023-05-15T17:11:41","modified_gmt":"2023-05-15T16:11:41","slug":"adresse-thones","status":"publish","type":"page","link":"https:\/\/cceroset.fr\/?page_id=777","title":{"rendered":"Adresse Th\u00f4nes"},"content":{"rendered":"<h2><span style=\"color: #18115c;\"><strong>Immeuble Le Sullens<\/strong><\/span><\/h2>\n<h2><span style=\"color: #18115c;\"><strong>13, rue Louis Haase<\/strong><\/span><\/h2>\n<h2><span style=\"color: #18115c;\"><strong>74230 Th\u00f4nes<\/strong><\/span><\/h2>\n<h2><span style=\"color: #18115c;\"><strong>Au rond point, vous \u00eates arriv\u00e9s ! Entr\u00e9e B 3<\/strong><\/span><\/h2>\n<h3><a href=\"http:\/\/cceroset.fr\/wp-content\/uploads\/2023\/05\/1-Info-Thones.pdf\">Acc\u00e8s \/ adresse<\/a><\/h3>\n<p>\u00a0<\/p>\n\n\n<p><\/p>\n","protected":false},"excerpt":{"rendered":"<p>Immeuble Le Sullens 13, rue Louis Haase 74230 Th\u00f4nes Au rond point, vous \u00eates arriv\u00e9s ! Entr\u00e9e B 3 Acc\u00e8s \/ adresse \u00a0<\/p>\n","protected":false},"author":1,"featured_media":0,"parent":0,"menu_order":0,"comment_status":"closed","ping_status":"closed","template":"","meta":{"footnotes":""},"class_list":["post-777","page","type-page","status-publish","hentry"],"_links":{"self":[{"href":"https:\/\/cceroset.fr\/index.php?rest_route=\/wp\/v2\/pages\/777","targetHints":{"allow":["GET"]}}],"collection":[{"href":"https:\/\/cceroset.fr\/index.php?rest_route=\/wp\/v2\/pages"}],"about":[{"href":"https:\/\/cceroset.fr\/index.php?rest_route=\/wp\/v2\/types\/page"}],"author":[{"embeddable":true,"href":"https:\/\/cceroset.fr\/index.php?rest_route=\/wp\/v2\/users\/1"}],"replies":[{"embeddable":true,"href":"https:\/\/cceroset.fr\/index.php?rest_route=%2Fwp%2Fv2%2Fcomments&post=777"}],"version-history":[{"count":10,"href":"https:\/\/cceroset.fr\/index.php?rest_route=\/wp\/v2\/pages\/777\/revisions"}],"predecessor-version":[{"id":8316,"href":"https:\/\/cceroset.fr\/index.php?rest_route=\/wp\/v2\/pages\/777\/revisions\/8316"}],"wp:attachment":[{"href":"https:\/\/cceroset.fr\/index.php?rest_route=%2Fwp%2Fv2%2Fmedia&parent=777"}],"curies":[{"name":"wp","href":"https:\/\/api.w.org\/{rel}","templated":true}]}}