{"id":825,"date":"2017-06-01T15:11:44","date_gmt":"2017-06-01T14:11:44","guid":{"rendered":"http:\/\/cceroset.fr\/?page_id=825"},"modified":"2017-06-05T14:56:05","modified_gmt":"2017-06-05T13:56:05","slug":"825-2","status":"publish","type":"page","link":"https:\/\/cceroset.fr\/?page_id=825","title":{"rendered":"Photos Th\u00f4nes"},"content":{"rendered":"<p><span style=\"color: #0000ff;\">Cliquer sur la photo&#8230;<\/span><\/p>\n<p>\r\n\t\t\t\t\t\n\r\n\t\t\t\t\t<!-- START UNITE GALLERY LITE 1.7.54 -->\r\n\t\t\t\t\t\r\n\t\t\t\t\n\t\t\t<div id='unitegallery_13_1' class='unite-gallery' style='margin:0px auto;'>\n\t\t\t\t\n\n\t\t\t\t\t\t<img alt=\"Th\u00f4nes 2\"\n\t\t\t\t\t\t     src=\"\" data-image=\"https:\/\/cceroset.fr\/wp-content\/uploads\/2017\/06\/Th\u00f4nes-2.jpg\"\n\t\t\t\t\t\t     data-thumb=\"https:\/\/cceroset.fr\/wp-content\/uploads\/2017\/06\/Th\u00f4nes-2-300x200.jpg\"\n\t\t\t\t\t\t     title=\"\"\n\t\t\t\t\t\t     style=\"display:none\">\n\n\t\t\t\t\t\t<img alt=\"Th\u00f4nes 1\"\n\t\t\t\t\t\t     src=\"\" data-image=\"https:\/\/cceroset.fr\/wp-content\/uploads\/2017\/06\/Th\u00f4nes-1.jpg\"\n\t\t\t\t\t\t     data-thumb=\"https:\/\/cceroset.fr\/wp-content\/uploads\/2017\/06\/Th\u00f4nes-1-300x225.jpg\"\n\t\t\t\t\t\t     title=\"\"\n\t\t\t\t\t\t     style=\"display:none\">\n\n\t\t\t\t\t\t<img alt=\"Th\u00f4nes 3\"\n\t\t\t\t\t\t     src=\"\" data-image=\"https:\/\/cceroset.fr\/wp-content\/uploads\/2017\/06\/Th\u00f4nes-3.png\"\n\t\t\t\t\t\t     data-thumb=\"https:\/\/cceroset.fr\/wp-content\/uploads\/2017\/06\/Th\u00f4nes-3-300x200.png\"\n\t\t\t\t\t\t     title=\"\"\n\t\t\t\t\t\t     style=\"display:none\">\n\n\t\t\t\t\t\t<img alt=\"Th\u00f4nes vu 2\"\n\t\t\t\t\t\t     src=\"\" data-image=\"https:\/\/cceroset.fr\/wp-content\/uploads\/2017\/06\/Th\u00f4nes-vu-2.jpg\"\n\t\t\t\t\t\t     data-thumb=\"https:\/\/cceroset.fr\/wp-content\/uploads\/2017\/06\/Th\u00f4nes-vu-2-300x118.jpg\"\n\t\t\t\t\t\t     title=\"\"\n\t\t\t\t\t\t     style=\"display:none\">\n\n\t\t\t\t\t\t<img alt=\"Th\u00f4nes vu 1\"\n\t\t\t\t\t\t     src=\"\" data-image=\"https:\/\/cceroset.fr\/wp-content\/uploads\/2017\/06\/Th\u00f4nes-vu-1.jpg\"\n\t\t\t\t\t\t     data-thumb=\"https:\/\/cceroset.fr\/wp-content\/uploads\/2017\/06\/Th\u00f4nes-vu-1-300x99.jpg\"\n\t\t\t\t\t\t     title=\"\"\n\t\t\t\t\t\t     style=\"display:none\">\n\n\t\t\t\t\t\t<img alt=\"Th\u00f4nes entr\u00e9e et sol\"\n\t\t\t\t\t\t     src=\"\" data-image=\"https:\/\/cceroset.fr\/wp-content\/uploads\/2017\/10\/Th\u00f4nes-entr\u00e9e-et-sol.jpg\"\n\t\t\t\t\t\t     data-thumb=\"https:\/\/cceroset.fr\/wp-content\/uploads\/2017\/10\/Th\u00f4nes-entr\u00e9e-et-sol-225x300.jpg\"\n\t\t\t\t\t\t     title=\"\"\n\t\t\t\t\t\t     style=\"display:none\">\n\n\t\t\t\t\t\t<img alt=\"Th\u00f4nes apr\u00e8s r\u00e9novation 2017 (1)\"\n\t\t\t\t\t\t     src=\"\" data-image=\"https:\/\/cceroset.fr\/wp-content\/uploads\/2017\/12\/Th\u00f4nes-apr\u00e8s-r\u00e9novation-2017-1.jpg\"\n\t\t\t\t\t\t     data-thumb=\"https:\/\/cceroset.fr\/wp-content\/uploads\/2017\/12\/Th\u00f4nes-apr\u00e8s-r\u00e9novation-2017-1-300x169.jpg\"\n\t\t\t\t\t\t     title=\"\"\n\t\t\t\t\t\t     style=\"display:none\">\n\n\t\t\t\t\t\t<img alt=\"Th\u00f4nes apr\u00e8s r\u00e9novation 2017 (2)\"\n\t\t\t\t\t\t     src=\"\" data-image=\"https:\/\/cceroset.fr\/wp-content\/uploads\/2017\/12\/Th\u00f4nes-apr\u00e8s-r\u00e9novation-2017-2.jpg\"\n\t\t\t\t\t\t     data-thumb=\"https:\/\/cceroset.fr\/wp-content\/uploads\/2017\/12\/Th\u00f4nes-apr\u00e8s-r\u00e9novation-2017-2-300x169.jpg\"\n\t\t\t\t\t\t     title=\"\"\n\t\t\t\t\t\t     style=\"display:none\">\n\n\t\t\t\t\t\t<img alt=\"Th\u00f4nes apr\u00e8s r\u00e9novation 2017 (3)\"\n\t\t\t\t\t\t     src=\"\" data-image=\"https:\/\/cceroset.fr\/wp-content\/uploads\/2017\/12\/Th\u00f4nes-apr\u00e8s-r\u00e9novation-2017-3.jpg\"\n\t\t\t\t\t\t     data-thumb=\"https:\/\/cceroset.fr\/wp-content\/uploads\/2017\/12\/Th\u00f4nes-apr\u00e8s-r\u00e9novation-2017-3-169x300.jpg\"\n\t\t\t\t\t\t     title=\"\"\n\t\t\t\t\t\t     style=\"display:none\">\n\n\t\t\t\t\t\t<img alt=\"Th\u00f4nes apr\u00e8s r\u00e9novation 2017 (4)\"\n\t\t\t\t\t\t     src=\"\" data-image=\"https:\/\/cceroset.fr\/wp-content\/uploads\/2017\/12\/Th\u00f4nes-apr\u00e8s-r\u00e9novation-2017-4.jpg\"\n\t\t\t\t\t\t     data-thumb=\"https:\/\/cceroset.fr\/wp-content\/uploads\/2017\/12\/Th\u00f4nes-apr\u00e8s-r\u00e9novation-2017-4-169x300.jpg\"\n\t\t\t\t\t\t     title=\"\"\n\t\t\t\t\t\t     style=\"display:none\">\n\n\t\t\t\t\t\t<img alt=\"Th\u00f4nes apr\u00e8s r\u00e9novation 2017 (5)\"\n\t\t\t\t\t\t     src=\"\" data-image=\"https:\/\/cceroset.fr\/wp-content\/uploads\/2017\/12\/Th\u00f4nes-apr\u00e8s-r\u00e9novation-2017-5.jpg\"\n\t\t\t\t\t\t     data-thumb=\"https:\/\/cceroset.fr\/wp-content\/uploads\/2017\/12\/Th\u00f4nes-apr\u00e8s-r\u00e9novation-2017-5-300x169.jpg\"\n\t\t\t\t\t\t     title=\"\"\n\t\t\t\t\t\t     style=\"display:none\">\n\n\t\t\t\t\t\t<img alt=\"Th\u00f4nes apr\u00e8s r\u00e9novation 2017 (6)\"\n\t\t\t\t\t\t     src=\"\" data-image=\"https:\/\/cceroset.fr\/wp-content\/uploads\/2017\/12\/Th\u00f4nes-apr\u00e8s-r\u00e9novation-2017-6.jpg\"\n\t\t\t\t\t\t     data-thumb=\"https:\/\/cceroset.fr\/wp-content\/uploads\/2017\/12\/Th\u00f4nes-apr\u00e8s-r\u00e9novation-2017-6-300x169.jpg\"\n\t\t\t\t\t\t     title=\"\"\n\t\t\t\t\t\t     style=\"display:none\">\n\n\t\t\t\t\t\t<img alt=\"Th\u00f4nes apr\u00e8s r\u00e9novation 2017 (7)\"\n\t\t\t\t\t\t     src=\"\" data-image=\"https:\/\/cceroset.fr\/wp-content\/uploads\/2017\/12\/Th\u00f4nes-apr\u00e8s-r\u00e9novation-2017-7.jpg\"\n\t\t\t\t\t\t     data-thumb=\"https:\/\/cceroset.fr\/wp-content\/uploads\/2017\/12\/Th\u00f4nes-apr\u00e8s-r\u00e9novation-2017-7-169x300.jpg\"\n\t\t\t\t\t\t     title=\"\"\n\t\t\t\t\t\t     style=\"display:none\">\n\n\t\t\t\t\t\t<img alt=\"Th\u00f4nes apr\u00e8s r\u00e9novation 2017 (8)\"\n\t\t\t\t\t\t     src=\"\" data-image=\"\"\n\t\t\t\t\t\t     data-thumb=\"\"\n\t\t\t\t\t\t     title=\"\"\n\t\t\t\t\t\t     style=\"display:none\">\n\n\t\t\t\t\t\t<img alt=\"Th\u00f4nes apr\u00e8s r\u00e9novation 2017 (9)\"\n\t\t\t\t\t\t     src=\"\" data-image=\"https:\/\/cceroset.fr\/wp-content\/uploads\/2017\/12\/Th\u00f4nes-apr\u00e8s-r\u00e9novation-2017-9.jpg\"\n\t\t\t\t\t\t     data-thumb=\"https:\/\/cceroset.fr\/wp-content\/uploads\/2017\/12\/Th\u00f4nes-apr\u00e8s-r\u00e9novation-2017-9-225x300.jpg\"\n\t\t\t\t\t\t     title=\"\"\n\t\t\t\t\t\t     style=\"display:none\">\n\n\t\t\t\t\t\t<img alt=\"Th\u00f4nes apr\u00e8s r\u00e9novation 2017 (10)\"\n\t\t\t\t\t\t     src=\"\" data-image=\"https:\/\/cceroset.fr\/wp-content\/uploads\/2017\/12\/Th\u00f4nes-apr\u00e8s-r\u00e9novation-2017-10.jpg\"\n\t\t\t\t\t\t     data-thumb=\"https:\/\/cceroset.fr\/wp-content\/uploads\/2017\/12\/Th\u00f4nes-apr\u00e8s-r\u00e9novation-2017-10-300x169.jpg\"\n\t\t\t\t\t\t     title=\"\"\n\t\t\t\t\t\t     style=\"display:none\">\n\t\t\t<\/div>\n\n\t\t\t<script type='text\/javascript'>\n\t\t\t\twindow.onload = function(e) {\n\t\t\t\t\tif(typeof ugCheckForErrors == \"undefined\"){\n\t\t\t\t\t\tdocument.getElementById(\"unitegallery_13_1\").innerHTML = \"<span style='color:red'>Unite Gallery Error - gallery js and css files not included in the footer. Please make sure that wp_footer() function is added to your theme.<\/span>\";}\n\t\t\t\t\telse{ ugCheckForErrors(\"unitegallery_13_1\", \"jquery\");}\n\t\t\t\t};\n\t\t\t<\/script>\n\n\t\t\t<!-- END UNITEGALLERY LITE--><\/p>\n<p>&nbsp;<\/p>\n<p>&nbsp;<\/p>\n<p>&nbsp;<\/p>\n<p>&nbsp;<\/p>\n","protected":false},"excerpt":{"rendered":"<p>Cliquer sur la photo&#8230; &nbsp; &nbsp; &nbsp; &nbsp;<\/p>\n","protected":false},"author":1,"featured_media":0,"parent":0,"menu_order":0,"comment_status":"closed","ping_status":"closed","template":"","meta":{"footnotes":""},"class_list":["post-825","page","type-page","status-publish","hentry"],"_links":{"self":[{"href":"https:\/\/cceroset.fr\/index.php?rest_route=\/wp\/v2\/pages\/825","targetHints":{"allow":["GET"]}}],"collection":[{"href":"https:\/\/cceroset.fr\/index.php?rest_route=\/wp\/v2\/pages"}],"about":[{"href":"https:\/\/cceroset.fr\/index.php?rest_route=\/wp\/v2\/types\/page"}],"author":[{"embeddable":true,"href":"https:\/\/cceroset.fr\/index.php?rest_route=\/wp\/v2\/users\/1"}],"replies":[{"embeddable":true,"href":"https:\/\/cceroset.fr\/index.php?rest_route=%2Fwp%2Fv2%2Fcomments&post=825"}],"version-history":[{"count":8,"href":"https:\/\/cceroset.fr\/index.php?rest_route=\/wp\/v2\/pages\/825\/revisions"}],"predecessor-version":[{"id":945,"href":"https:\/\/cceroset.fr\/index.php?rest_route=\/wp\/v2\/pages\/825\/revisions\/945"}],"wp:attachment":[{"href":"https:\/\/cceroset.fr\/index.php?rest_route=%2Fwp%2Fv2%2Fmedia&parent=825"}],"curies":[{"name":"wp","href":"https:\/\/api.w.org\/{rel}","templated":true}]}}